{"id":95,"date":"2015-04-29T03:56:26","date_gmt":"2015-04-29T03:56:26","guid":{"rendered":"http:\/\/www.morenoapart.com\/?page_id=95"},"modified":"2026-02-06T21:54:13","modified_gmt":"2026-02-06T21:54:13","slug":"properties","status":"publish","type":"page","link":"https:\/\/bausba.com\/es\/properties\/","title":{"rendered":"PROPIEDADES"},"content":{"rendered":"<h1>NUESTROS ESPACIOS BAUS<\/h1>\n\n\t<p>Descubr\u00ed algunas de las mejores propiedades que tenemos para ofrecerte.<\/p>\n<p>Hogares est\u00e1n completamente amoblados y cuentan con todos los servicios necesarios para que puedas relajarte y sentirte como en casa durante tu estad\u00eda.<\/p>\n<p>Espacios de dise\u00f1o, modernos, vintage y acogedores para nuestros hu\u00e9spedes. Encontr\u00e1 el estilo que mejor se adapte a vos y eleg\u00ed la opci\u00f3n ideal para vivir la mejor experiencia con nosotros.<\/p>\n\t<h1>ARGENTINA<\/h1>\n\n<figure itemscope itemtype=\"https:\/\/schema.org\/ImageObject\">\n\t\t\t\t<img loading=\"lazy\" decoding=\"async\" src=\"https:\/\/bausba.com\/wp-content\/uploads\/2024\/08\/DSC09903-scaled.jpg\" alt=\"DSC09903\" height=\"1624\" width=\"2560\" title=\"DSC09903\" onerror=\"this.style.display='none'\" \/>\n\t<\/figure>\n<figure itemscope itemtype=\"https:\/\/schema.org\/ImageObject\">\n\t\t\t\t<img loading=\"lazy\" decoding=\"async\" src=\"https:\/\/bausba.com\/wp-content\/uploads\/2024\/08\/DSC03090-scaled.jpg\" alt=\"DSC03090\" height=\"1714\" width=\"2560\" title=\"DSC03090\" onerror=\"this.style.display='none'\" \/>\n\t<\/figure>\n<figure itemscope itemtype=\"https:\/\/schema.org\/ImageObject\">\n\t\t\t\t<img loading=\"lazy\" decoding=\"async\" src=\"https:\/\/bausba.com\/wp-content\/uploads\/2024\/08\/DSC02398.jpg\" alt=\"DSC02398\" height=\"1575\" width=\"2362\" title=\"DSC02398\" onerror=\"this.style.display='none'\" \/>\n\t<\/figure>\n<figure itemscope itemtype=\"https:\/\/schema.org\/ImageObject\">\n\t\t\t\t<img loading=\"lazy\" decoding=\"async\" src=\"https:\/\/bausba.com\/wp-content\/uploads\/2024\/08\/DSC05260-scaled.jpg\" alt=\"DSC05260\" height=\"1641\" width=\"2560\" title=\"DSC05260\" onerror=\"this.style.display='none'\" \/>\n\t<\/figure>\n<figure itemscope itemtype=\"https:\/\/schema.org\/ImageObject\">\n\t\t\t\t<img loading=\"lazy\" decoding=\"async\" src=\"https:\/\/bausba.com\/wp-content\/uploads\/2023\/03\/DSC01366.jpg\" alt=\"DSC01366\" height=\"1550\" width=\"2362\" title=\"DSC01366\" onerror=\"this.style.display='none'\" \/>\n\t<\/figure>\n<figure itemscope itemtype=\"https:\/\/schema.org\/ImageObject\">\n\t\t\t\t<img loading=\"lazy\" decoding=\"async\" src=\"https:\/\/bausba.com\/wp-content\/uploads\/2023\/03\/DSC00187.jpg\" alt=\"DSC00187\" height=\"1562\" width=\"2362\" title=\"DSC00187\" onerror=\"this.style.display='none'\" \/>\n\t<\/figure>\n\t<h1>URUGUAY<\/h1>","protected":false},"excerpt":{"rendered":"<p>NUESTROS ESPACIOS BAUS Descubr\u00ed algunas de las mejores propiedades que tenemos para ofrecerte. Hogares est\u00e1n completamente amoblados y cuentan con todos los servicios necesarios para que puedas relajarte y sentirte como en casa durante tu estad\u00eda. Espacios de dise\u00f1o, modernos, vintage y acogedores para nuestros hu\u00e9spedes. Encontr\u00e1 el estilo que mejor se adapte a vos [&hellip;]<\/p>\n","protected":false},"author":1,"featured_media":0,"parent":0,"menu_order":0,"comment_status":"closed","ping_status":"closed","template":"full-width-page.php","meta":{"site-sidebar-layout":"default","site-content-layout":"","ast-site-content-layout":"default","site-content-style":"default","site-sidebar-style":"default","ast-global-header-display":"","ast-banner-title-visibility":"","ast-main-header-display":"","ast-hfb-above-header-display":"","ast-hfb-below-header-display":"","ast-hfb-mobile-header-display":"","site-post-title":"","ast-breadcrumbs-content":"","ast-featured-img":"","footer-sml-layout":"","ast-disable-related-posts":"","theme-transparent-header-meta":"","adv-header-id-meta":"","stick-header-meta":"","header-above-stick-meta":"","header-main-stick-meta":"","header-below-stick-meta":"","astra-migrate-meta-layouts":"default","ast-page-background-enabled":"default","ast-page-background-meta":{"desktop":{"background-color":"var(--ast-global-color-4)","background-image":"","background-repeat":"repeat","background-position":"center center","background-size":"auto","background-attachment":"scroll","background-type":"","background-media":"","overlay-type":"","overlay-color":"","overlay-opacity":"","overlay-gradient":""},"tablet":{"background-color":"","background-image":"","background-repeat":"repeat","background-position":"center center","background-size":"auto","background-attachment":"scroll","background-type":"","background-media":"","overlay-type":"","overlay-color":"","overlay-opacity":"","overlay-gradient":""},"mobile":{"background-color":"","background-image":"","background-repeat":"repeat","background-position":"center center","background-size":"auto","background-attachment":"scroll","background-type":"","background-media":"","overlay-type":"","overlay-color":"","overlay-opacity":"","overlay-gradient":""}},"ast-content-background-meta":{"desktop":{"background-color":"var(--ast-global-color-5)","background-image":"","background-repeat":"repeat","background-position":"center center","background-size":"auto","background-attachment":"scroll","background-type":"","background-media":"","overlay-type":"","overlay-color":"","overlay-opacity":"","overlay-gradient":""},"tablet":{"background-color":"var(--ast-global-color-5)","background-image":"","background-repeat":"repeat","background-position":"center center","background-size":"auto","background-attachment":"scroll","background-type":"","background-media":"","overlay-type":"","overlay-color":"","overlay-opacity":"","overlay-gradient":""},"mobile":{"background-color":"var(--ast-global-color-5)","background-image":"","background-repeat":"repeat","background-position":"center center","background-size":"auto","background-attachment":"scroll","background-type":"","background-media":"","overlay-type":"","overlay-color":"","overlay-opacity":"","overlay-gradient":""}},"_joinchat":[],"footnotes":""},"class_list":["post-95","page","type-page","status-publish","hentry"],"yoast_head":"<!-- This site is optimized with the Yoast SEO plugin v27.5 - https:\/\/yoast.com\/product\/yoast-seo-wordpress\/ -->\n<title>View all of our properties in Buenos Aires city and surroundings<\/title>\n<meta name=\"description\" content=\"Properties: Apartment in Palermo - Studio in Palermo - Apartment in Recoleta - Studio in Recoleta - Duplex in San Telmo - Apartment in San Telmo\" \/>\n<meta name=\"robots\" content=\"index, follow, max-snippet:-1, max-image-preview:large, max-video-preview:-1\" \/>\n<link rel=\"canonical\" href=\"https:\/\/bausba.com\/es\/properties\/\" \/>\n<meta property=\"og:locale\" content=\"es_ES\" \/>\n<meta property=\"og:type\" content=\"article\" \/>\n<meta property=\"og:title\" content=\"View all of our properties in Buenos Aires city and surroundings\" \/>\n<meta property=\"og:description\" content=\"Properties: Apartment in Palermo - Studio in Palermo - Apartment in Recoleta - Studio in Recoleta - Duplex in San Telmo - Apartment in San Telmo\" \/>\n<meta property=\"og:url\" content=\"https:\/\/bausba.com\/es\/properties\/\" \/>\n<meta property=\"og:site_name\" content=\"Baus\" \/>\n<meta property=\"article:publisher\" content=\"https:\/\/www.facebook.com\/BeOurGuestBA\" \/>\n<meta property=\"article:modified_time\" content=\"2026-02-06T21:54:13+00:00\" \/>\n<meta property=\"og:image\" content=\"https:\/\/bausba.com\/wp-content\/uploads\/2024\/08\/DSC09903-scaled.jpg\" \/>\n<meta name=\"twitter:card\" content=\"summary_large_image\" \/>\n<meta name=\"twitter:site\" content=\"@beourguest_ba\" \/>\n<script type=\"application\/ld+json\" class=\"yoast-schema-graph\">{\"@context\":\"https:\\\/\\\/schema.org\",\"@graph\":[{\"@type\":\"WebPage\",\"@id\":\"https:\\\/\\\/bausba.com\\\/properties\\\/\",\"url\":\"https:\\\/\\\/bausba.com\\\/properties\\\/\",\"name\":\"View all of our properties in Buenos Aires city and surroundings\",\"isPartOf\":{\"@id\":\"https:\\\/\\\/bausba.com\\\/#website\"},\"primaryImageOfPage\":{\"@id\":\"https:\\\/\\\/bausba.com\\\/properties\\\/#primaryimage\"},\"image\":{\"@id\":\"https:\\\/\\\/bausba.com\\\/properties\\\/#primaryimage\"},\"thumbnailUrl\":\"https:\\\/\\\/bausba.com\\\/wp-content\\\/uploads\\\/2024\\\/08\\\/DSC09903-scaled.jpg\",\"datePublished\":\"2015-04-29T03:56:26+00:00\",\"dateModified\":\"2026-02-06T21:54:13+00:00\",\"description\":\"Properties: Apartment in Palermo - Studio in Palermo - Apartment in Recoleta - Studio in Recoleta - Duplex in San Telmo - Apartment in San Telmo\",\"breadcrumb\":{\"@id\":\"https:\\\/\\\/bausba.com\\\/properties\\\/#breadcrumb\"},\"inLanguage\":\"es-AR\",\"potentialAction\":[{\"@type\":\"ReadAction\",\"target\":[\"https:\\\/\\\/bausba.com\\\/properties\\\/\"]}]},{\"@type\":\"ImageObject\",\"inLanguage\":\"es-AR\",\"@id\":\"https:\\\/\\\/bausba.com\\\/properties\\\/#primaryimage\",\"url\":\"https:\\\/\\\/bausba.com\\\/wp-content\\\/uploads\\\/2024\\\/08\\\/DSC09903-scaled.jpg\",\"contentUrl\":\"https:\\\/\\\/bausba.com\\\/wp-content\\\/uploads\\\/2024\\\/08\\\/DSC09903-scaled.jpg\"},{\"@type\":\"BreadcrumbList\",\"@id\":\"https:\\\/\\\/bausba.com\\\/properties\\\/#breadcrumb\",\"itemListElement\":[{\"@type\":\"ListItem\",\"position\":1,\"name\":\"Home\",\"item\":\"https:\\\/\\\/bausba.com\\\/\"},{\"@type\":\"ListItem\",\"position\":2,\"name\":\"Properties\"}]},{\"@type\":\"WebSite\",\"@id\":\"https:\\\/\\\/bausba.com\\\/#website\",\"url\":\"https:\\\/\\\/bausba.com\\\/\",\"name\":\"Baus\",\"description\":\"Your home away from home &lt;3 Furnished apartment and corporate temporary rentals\",\"publisher\":{\"@id\":\"https:\\\/\\\/bausba.com\\\/#organization\"},\"potentialAction\":[{\"@type\":\"SearchAction\",\"target\":{\"@type\":\"EntryPoint\",\"urlTemplate\":\"https:\\\/\\\/bausba.com\\\/?s={search_term_string}\"},\"query-input\":{\"@type\":\"PropertyValueSpecification\",\"valueRequired\":true,\"valueName\":\"search_term_string\"}}],\"inLanguage\":\"es-AR\"},{\"@type\":\"Organization\",\"@id\":\"https:\\\/\\\/bausba.com\\\/#organization\",\"name\":\"BOGBA\",\"url\":\"https:\\\/\\\/bausba.com\\\/\",\"logo\":{\"@type\":\"ImageObject\",\"inLanguage\":\"es-AR\",\"@id\":\"https:\\\/\\\/bausba.com\\\/#\\\/schema\\\/logo\\\/image\\\/\",\"url\":\"https:\\\/\\\/www.bogba.com\\\/wp-content\\\/uploads\\\/2017\\\/04\\\/BOGBA-2017.png\",\"contentUrl\":\"https:\\\/\\\/www.bogba.com\\\/wp-content\\\/uploads\\\/2017\\\/04\\\/BOGBA-2017.png\",\"width\":588,\"height\":588,\"caption\":\"BOGBA\"},\"image\":{\"@id\":\"https:\\\/\\\/bausba.com\\\/#\\\/schema\\\/logo\\\/image\\\/\"},\"sameAs\":[\"https:\\\/\\\/www.facebook.com\\\/BeOurGuestBA\",\"https:\\\/\\\/x.com\\\/beourguest_ba\",\"https:\\\/\\\/www.instagram.com\\\/beourguest.ba\\\/\",\"https:\\\/\\\/www.linkedin.com\\\/organization\\\/24770421\"]}]}<\/script>\n<!-- \/ Yoast SEO plugin. -->","yoast_head_json":{"title":"View all of our properties in Buenos Aires city and surroundings","description":"Properties: Apartment in Palermo - Studio in Palermo - Apartment in Recoleta - Studio in Recoleta - Duplex in San Telmo - Apartment in San Telmo","robots":{"index":"index","follow":"follow","max-snippet":"max-snippet:-1","max-image-preview":"max-image-preview:large","max-video-preview":"max-video-preview:-1"},"canonical":"https:\/\/bausba.com\/es\/properties\/","og_locale":"es_ES","og_type":"article","og_title":"View all of our properties in Buenos Aires city and surroundings","og_description":"Properties: Apartment in Palermo - Studio in Palermo - Apartment in Recoleta - Studio in Recoleta - Duplex in San Telmo - Apartment in San Telmo","og_url":"https:\/\/bausba.com\/es\/properties\/","og_site_name":"Baus","article_publisher":"https:\/\/www.facebook.com\/BeOurGuestBA","article_modified_time":"2026-02-06T21:54:13+00:00","og_image":[{"url":"https:\/\/bausba.com\/wp-content\/uploads\/2024\/08\/DSC09903-scaled.jpg","type":"","width":"","height":""}],"twitter_card":"summary_large_image","twitter_site":"@beourguest_ba","schema":{"@context":"https:\/\/schema.org","@graph":[{"@type":"WebPage","@id":"https:\/\/bausba.com\/properties\/","url":"https:\/\/bausba.com\/properties\/","name":"View all of our properties in Buenos Aires city and surroundings","isPartOf":{"@id":"https:\/\/bausba.com\/#website"},"primaryImageOfPage":{"@id":"https:\/\/bausba.com\/properties\/#primaryimage"},"image":{"@id":"https:\/\/bausba.com\/properties\/#primaryimage"},"thumbnailUrl":"https:\/\/bausba.com\/wp-content\/uploads\/2024\/08\/DSC09903-scaled.jpg","datePublished":"2015-04-29T03:56:26+00:00","dateModified":"2026-02-06T21:54:13+00:00","description":"Properties: Apartment in Palermo - Studio in Palermo - Apartment in Recoleta - Studio in Recoleta - Duplex in San Telmo - Apartment in San Telmo","breadcrumb":{"@id":"https:\/\/bausba.com\/properties\/#breadcrumb"},"inLanguage":"es-AR","potentialAction":[{"@type":"ReadAction","target":["https:\/\/bausba.com\/properties\/"]}]},{"@type":"ImageObject","inLanguage":"es-AR","@id":"https:\/\/bausba.com\/properties\/#primaryimage","url":"https:\/\/bausba.com\/wp-content\/uploads\/2024\/08\/DSC09903-scaled.jpg","contentUrl":"https:\/\/bausba.com\/wp-content\/uploads\/2024\/08\/DSC09903-scaled.jpg"},{"@type":"BreadcrumbList","@id":"https:\/\/bausba.com\/properties\/#breadcrumb","itemListElement":[{"@type":"ListItem","position":1,"name":"Home","item":"https:\/\/bausba.com\/"},{"@type":"ListItem","position":2,"name":"Properties"}]},{"@type":"WebSite","@id":"https:\/\/bausba.com\/#website","url":"https:\/\/bausba.com\/","name":"Baus","description":"Your home away from home &lt;3 Furnished apartment and corporate temporary rentals","publisher":{"@id":"https:\/\/bausba.com\/#organization"},"potentialAction":[{"@type":"SearchAction","target":{"@type":"EntryPoint","urlTemplate":"https:\/\/bausba.com\/?s={search_term_string}"},"query-input":{"@type":"PropertyValueSpecification","valueRequired":true,"valueName":"search_term_string"}}],"inLanguage":"es-AR"},{"@type":"Organization","@id":"https:\/\/bausba.com\/#organization","name":"BOGBA","url":"https:\/\/bausba.com\/","logo":{"@type":"ImageObject","inLanguage":"es-AR","@id":"https:\/\/bausba.com\/#\/schema\/logo\/image\/","url":"https:\/\/www.bogba.com\/wp-content\/uploads\/2017\/04\/BOGBA-2017.png","contentUrl":"https:\/\/www.bogba.com\/wp-content\/uploads\/2017\/04\/BOGBA-2017.png","width":588,"height":588,"caption":"BOGBA"},"image":{"@id":"https:\/\/bausba.com\/#\/schema\/logo\/image\/"},"sameAs":["https:\/\/www.facebook.com\/BeOurGuestBA","https:\/\/x.com\/beourguest_ba","https:\/\/www.instagram.com\/beourguest.ba\/","https:\/\/www.linkedin.com\/organization\/24770421"]}]}},"_links":{"self":[{"href":"https:\/\/bausba.com\/es\/wp-json\/wp\/v2\/pages\/95","targetHints":{"allow":["GET"]}}],"collection":[{"href":"https:\/\/bausba.com\/es\/wp-json\/wp\/v2\/pages"}],"about":[{"href":"https:\/\/bausba.com\/es\/wp-json\/wp\/v2\/types\/page"}],"author":[{"embeddable":true,"href":"https:\/\/bausba.com\/es\/wp-json\/wp\/v2\/users\/1"}],"replies":[{"embeddable":true,"href":"https:\/\/bausba.com\/es\/wp-json\/wp\/v2\/comments?post=95"}],"version-history":[{"count":9,"href":"https:\/\/bausba.com\/es\/wp-json\/wp\/v2\/pages\/95\/revisions"}],"predecessor-version":[{"id":4675,"href":"https:\/\/bausba.com\/es\/wp-json\/wp\/v2\/pages\/95\/revisions\/4675"}],"wp:attachment":[{"href":"https:\/\/bausba.com\/es\/wp-json\/wp\/v2\/media?parent=95"}],"curies":[{"name":"wp","href":"https:\/\/api.w.org\/{rel}","templated":true}]}}