{"id":881,"date":"2015-12-08T23:39:52","date_gmt":"2015-12-08T23:39:52","guid":{"rendered":"http:\/\/www.morenoapart.com\/?page_id=881"},"modified":"2020-05-03T00:04:59","modified_gmt":"2020-05-03T00:04:59","slug":"palermo-neighborhood","status":"publish","type":"page","link":"https:\/\/bausba.com\/es\/palermo-neighborhood\/","title":{"rendered":"Palermo"},"content":{"rendered":"<h2>Palermo<\/h2>\n<h3>En los bosques del barrio m\u00e1s grande de la ciudad pod\u00e9s realizar muchas actividades o simplemente descansar bajo un \u00e1rbol.<\/h3>\n<div aria-live=\"polite\" id=\"soliloquy-container-3483_1\" class=\"soliloquy-container soliloquy-transition-fade  soliloquy-theme-base\" style=\"max-width:960px;max-height:450px;\"><ul id=\"soliloquy-3483_1\" class=\"soliloquy-slider soliloquy-slides soliloquy-wrap soliloquy-clear\"><li aria-hidden=\"true\" class=\"soliloquy-item soliloquy-item-1 soliloquy-image-slide\" draggable=\"false\" style=\"list-style:none\"><img decoding=\"async\" id=\"soliloquy-image-2332\" class=\"soliloquy-image soliloquy-image-1\" src=\"https:\/\/bausba.com\/wp-content\/uploads\/2018\/11\/DSC_1867-960x450_c.jpg\" alt=\"BOGBA Luxury studio Palermo Zoo View\" \/><\/li><li aria-hidden=\"true\" class=\"soliloquy-item soliloquy-item-2 soliloquy-image-slide\" draggable=\"false\" style=\"list-style:none\"><img decoding=\"async\" id=\"soliloquy-image-471\" class=\"soliloquy-image soliloquy-image-2\" src=\"https:\/\/bausba.com\/wp-content\/uploads\/2015\/07\/22-960x450_c.jpg\" alt=\"2\" \/><\/li><li aria-hidden=\"true\" class=\"soliloquy-item soliloquy-item-3 soliloquy-image-slide\" draggable=\"false\" style=\"list-style:none\"><img decoding=\"async\" id=\"soliloquy-image-2159\" class=\"soliloquy-image soliloquy-image-3\" src=\"https:\/\/bausba.com\/wp-content\/uploads\/2018\/10\/DSC_9421-960x450_c.jpg\" alt=\"BOGBA Belgrano Luxury\" \/><\/li><li aria-hidden=\"true\" class=\"soliloquy-item soliloquy-item-4 soliloquy-image-slide\" draggable=\"false\" style=\"list-style:none\"><img decoding=\"async\" id=\"soliloquy-image-472\" class=\"soliloquy-image soliloquy-image-4\" src=\"https:\/\/bausba.com\/wp-content\/uploads\/2015\/07\/32-960x450_c.jpg\" alt=\"Palermo\" \/><\/li><li aria-hidden=\"true\" class=\"soliloquy-item soliloquy-item-5 soliloquy-image-slide\" draggable=\"false\" style=\"list-style:none\"><img decoding=\"async\" id=\"soliloquy-image-473\" class=\"soliloquy-image soliloquy-image-5\" src=\"https:\/\/bausba.com\/wp-content\/uploads\/2015\/07\/42-960x450_c.jpg\" alt=\"4\" \/><\/li><li aria-hidden=\"true\" class=\"soliloquy-item soliloquy-item-6 soliloquy-image-slide\" draggable=\"false\" style=\"list-style:none\"><img decoding=\"async\" id=\"soliloquy-image-474\" class=\"soliloquy-image soliloquy-image-6\" src=\"https:\/\/bausba.com\/wp-content\/uploads\/2015\/07\/52-960x450_c.jpg\" alt=\"Neighborhoods\" \/><\/li><\/ul><\/div><noscript><style type=\"text\/css\">#soliloquy-container-3483_1{opacity:1}<\/style><\/noscript>\n<p>&nbsp;<\/p>\n\t<div aria-live=\"polite\" id=\"soliloquy-container-3483_2\" class=\"soliloquy-container soliloquy-transition-fade  soliloquy-theme-base\" style=\"max-width:960px;max-height:450px;\"><ul id=\"soliloquy-3483_2\" class=\"soliloquy-slider soliloquy-slides soliloquy-wrap soliloquy-clear\"><li aria-hidden=\"true\" class=\"soliloquy-item soliloquy-item-1 soliloquy-image-slide\" draggable=\"false\" style=\"list-style:none\"><img decoding=\"async\" id=\"soliloquy-image-2332\" class=\"soliloquy-image soliloquy-image-1\" src=\"https:\/\/bausba.com\/wp-content\/uploads\/2018\/11\/DSC_1867-960x450_c.jpg\" alt=\"BOGBA Luxury studio Palermo Zoo View\" \/><\/li><li aria-hidden=\"true\" class=\"soliloquy-item soliloquy-item-2 soliloquy-image-slide\" draggable=\"false\" style=\"list-style:none\"><img decoding=\"async\" id=\"soliloquy-image-471\" class=\"soliloquy-image soliloquy-image-2\" src=\"https:\/\/bausba.com\/wp-content\/uploads\/2015\/07\/22-960x450_c.jpg\" alt=\"2\" \/><\/li><li aria-hidden=\"true\" class=\"soliloquy-item soliloquy-item-3 soliloquy-image-slide\" draggable=\"false\" style=\"list-style:none\"><img decoding=\"async\" id=\"soliloquy-image-2159\" class=\"soliloquy-image soliloquy-image-3\" src=\"https:\/\/bausba.com\/wp-content\/uploads\/2018\/10\/DSC_9421-960x450_c.jpg\" alt=\"BOGBA Belgrano Luxury\" \/><\/li><li aria-hidden=\"true\" class=\"soliloquy-item soliloquy-item-4 soliloquy-image-slide\" draggable=\"false\" style=\"list-style:none\"><img decoding=\"async\" id=\"soliloquy-image-472\" class=\"soliloquy-image soliloquy-image-4\" src=\"https:\/\/bausba.com\/wp-content\/uploads\/2015\/07\/32-960x450_c.jpg\" alt=\"Palermo\" \/><\/li><li aria-hidden=\"true\" class=\"soliloquy-item soliloquy-item-5 soliloquy-image-slide\" draggable=\"false\" style=\"list-style:none\"><img decoding=\"async\" id=\"soliloquy-image-473\" class=\"soliloquy-image soliloquy-image-5\" src=\"https:\/\/bausba.com\/wp-content\/uploads\/2015\/07\/42-960x450_c.jpg\" alt=\"4\" \/><\/li><li aria-hidden=\"true\" class=\"soliloquy-item soliloquy-item-6 soliloquy-image-slide\" draggable=\"false\" style=\"list-style:none\"><img decoding=\"async\" id=\"soliloquy-image-474\" class=\"soliloquy-image soliloquy-image-6\" src=\"https:\/\/bausba.com\/wp-content\/uploads\/2015\/07\/52-960x450_c.jpg\" alt=\"Neighborhoods\" \/><\/li><\/ul><\/div><noscript><style type=\"text\/css\">#soliloquy-container-3483_2{opacity:1}<\/style><\/noscript>\n<p>&nbsp;<\/p>\n\t<h2><strong>Palermo neighborhood<\/strong><\/h2>\n<h3>Buenos Aires&#8217; largest neighbourhood. Shop, drink, enjoy outdoor activities in the parks, or simply rest under a tree.<\/h3>\n<h3>Es un barrio residencial y de esparcimiento. Dentro de sus l\u00edmites se encuentran los denominados &#8220;Bosques de Palermo&#8221;, que incluyen amplios parques y espacios verdes. Es un importante polo gastron\u00f3mico, cultural y audiovisual y es uno de los destinos preferidos por los turistas que visitan la Ciudad.<\/h3>\n<h3>The neighborhood of Palermo has many different areas such as:<\/h3>\n<h3><strong>Palermo Soho<\/strong> is a part of Palermo: Littered with caf\u00e9s, restaurants and boutiques in low-rise buildings, Palermo Soho is trendy, creative, chic, young, cool.<\/h3>\n<h2><strong>Palermo Hollywood<\/strong><\/h2>\n<h3>Is the colloquial name for the section of Palermo Viejo. It\u2019s more known for its nightlife, which includes some of the best restaurants, bar and clubs in the city.<\/h3>\n<h3><strong>Palermo Viejo<\/strong><\/h3>\n<h3>Is the oldest part of the barrio and occupies its southeastern corner.<\/h3>\n<h3>The barrio actually incorporates both Palermo Hollywood and Palermo Soho.<\/h3>\n<h3>However, here we will concentrate on the eastern area bounded by Avenida Santa Fe to the north, Coronel Diaz to the east, Cordoba to the south, and Scalabrini Ortiz to the west.<\/h3>","protected":false},"excerpt":{"rendered":"<p>Palermo En los bosques del barrio m\u00e1s grande de la ciudad pod\u00e9s realizar muchas actividades o simplemente descansar bajo un \u00e1rbol. &nbsp; &nbsp; Palermo neighborhood Buenos Aires&#8217; largest neighbourhood. Shop, drink, enjoy outdoor activities in the parks, or simply rest under a tree. Es un barrio residencial y de esparcimiento. Dentro de sus l\u00edmites se [&hellip;]<\/p>\n","protected":false},"author":1,"featured_media":0,"parent":0,"menu_order":0,"comment_status":"closed","ping_status":"closed","template":"full-width-page.php","meta":{"site-sidebar-layout":"default","site-content-layout":"","ast-site-content-layout":"default","site-content-style":"default","site-sidebar-style":"default","ast-global-header-display":"","ast-banner-title-visibility":"","ast-main-header-display":"","ast-hfb-above-header-display":"","ast-hfb-below-header-display":"","ast-hfb-mobile-header-display":"","site-post-title":"","ast-breadcrumbs-content":"","ast-featured-img":"","footer-sml-layout":"","ast-disable-related-posts":"","theme-transparent-header-meta":"","adv-header-id-meta":"","stick-header-meta":"","header-above-stick-meta":"","header-main-stick-meta":"","header-below-stick-meta":"","astra-migrate-meta-layouts":"default","ast-page-background-enabled":"default","ast-page-background-meta":{"desktop":{"background-color":"var(--ast-global-color-4)","background-image":"","background-repeat":"repeat","background-position":"center center","background-size":"auto","background-attachment":"scroll","background-type":"","background-media":"","overlay-type":"","overlay-color":"","overlay-opacity":"","overlay-gradient":""},"tablet":{"background-color":"","background-image":"","background-repeat":"repeat","background-position":"center center","background-size":"auto","background-attachment":"scroll","background-type":"","background-media":"","overlay-type":"","overlay-color":"","overlay-opacity":"","overlay-gradient":""},"mobile":{"background-color":"","background-image":"","background-repeat":"repeat","background-position":"center center","background-size":"auto","background-attachment":"scroll","background-type":"","background-media":"","overlay-type":"","overlay-color":"","overlay-opacity":"","overlay-gradient":""}},"ast-content-background-meta":{"desktop":{"background-color":"var(--ast-global-color-5)","background-image":"","background-repeat":"repeat","background-position":"center center","background-size":"auto","background-attachment":"scroll","background-type":"","background-media":"","overlay-type":"","overlay-color":"","overlay-opacity":"","overlay-gradient":""},"tablet":{"background-color":"var(--ast-global-color-5)","background-image":"","background-repeat":"repeat","background-position":"center center","background-size":"auto","background-attachment":"scroll","background-type":"","background-media":"","overlay-type":"","overlay-color":"","overlay-opacity":"","overlay-gradient":""},"mobile":{"background-color":"var(--ast-global-color-5)","background-image":"","background-repeat":"repeat","background-position":"center center","background-size":"auto","background-attachment":"scroll","background-type":"","background-media":"","overlay-type":"","overlay-color":"","overlay-opacity":"","overlay-gradient":""}},"_joinchat":[],"footnotes":""},"class_list":["post-881","page","type-page","status-publish","hentry"],"yoast_head":"<!-- This site is optimized with the Yoast SEO plugin v27.5 - https:\/\/yoast.com\/product\/yoast-seo-wordpress\/ -->\n<title>Temporary and furnished apartments Palermo neighborhood<\/title>\n<meta name=\"description\" content=\"Furnished apartments in Palermo neighborhood. Soho, Chico and Alto Palermo. Studios, one bedroom and two bedroom with ammenities and 24 hours security.\" \/>\n<meta name=\"robots\" content=\"index, follow, max-snippet:-1, max-image-preview:large, max-video-preview:-1\" \/>\n<link rel=\"canonical\" href=\"https:\/\/bausba.com\/es\/palermo-neighborhood\/\" \/>\n<meta property=\"og:locale\" content=\"es_ES\" \/>\n<meta property=\"og:type\" content=\"article\" \/>\n<meta property=\"og:title\" content=\"Temporary and furnished apartments Palermo neighborhood\" \/>\n<meta property=\"og:description\" content=\"Furnished apartments in Palermo neighborhood. Soho, Chico and Alto Palermo. Studios, one bedroom and two bedroom with ammenities and 24 hours security.\" \/>\n<meta property=\"og:url\" content=\"https:\/\/bausba.com\/es\/palermo-neighborhood\/\" \/>\n<meta property=\"og:site_name\" content=\"Baus\" \/>\n<meta property=\"article:publisher\" content=\"https:\/\/www.facebook.com\/BeOurGuestBA\" \/>\n<meta property=\"article:modified_time\" content=\"2020-05-03T00:04:59+00:00\" \/>\n<meta name=\"twitter:card\" content=\"summary_large_image\" \/>\n<meta name=\"twitter:site\" content=\"@beourguest_ba\" \/>\n<meta name=\"twitter:label1\" content=\"Tiempo de lectura\" \/>\n\t<meta name=\"twitter:data1\" content=\"1 minuto\" \/>\n<script type=\"application\/ld+json\" class=\"yoast-schema-graph\">{\"@context\":\"https:\\\/\\\/schema.org\",\"@graph\":[{\"@type\":\"WebPage\",\"@id\":\"https:\\\/\\\/bausba.com\\\/palermo-neighborhood\\\/\",\"url\":\"https:\\\/\\\/bausba.com\\\/palermo-neighborhood\\\/\",\"name\":\"Temporary and furnished apartments Palermo neighborhood\",\"isPartOf\":{\"@id\":\"https:\\\/\\\/bausba.com\\\/#website\"},\"datePublished\":\"2015-12-08T23:39:52+00:00\",\"dateModified\":\"2020-05-03T00:04:59+00:00\",\"description\":\"Furnished apartments in Palermo neighborhood. Soho, Chico and Alto Palermo. Studios, one bedroom and two bedroom with ammenities and 24 hours security.\",\"breadcrumb\":{\"@id\":\"https:\\\/\\\/bausba.com\\\/palermo-neighborhood\\\/#breadcrumb\"},\"inLanguage\":\"es-AR\",\"potentialAction\":[{\"@type\":\"ReadAction\",\"target\":[\"https:\\\/\\\/bausba.com\\\/palermo-neighborhood\\\/\"]}]},{\"@type\":\"BreadcrumbList\",\"@id\":\"https:\\\/\\\/bausba.com\\\/palermo-neighborhood\\\/#breadcrumb\",\"itemListElement\":[{\"@type\":\"ListItem\",\"position\":1,\"name\":\"Home\",\"item\":\"https:\\\/\\\/bausba.com\\\/\"},{\"@type\":\"ListItem\",\"position\":2,\"name\":\"Palermo\"}]},{\"@type\":\"WebSite\",\"@id\":\"https:\\\/\\\/bausba.com\\\/#website\",\"url\":\"https:\\\/\\\/bausba.com\\\/\",\"name\":\"Baus\",\"description\":\"Your home away from home &lt;3 Furnished apartment and corporate temporary rentals\",\"publisher\":{\"@id\":\"https:\\\/\\\/bausba.com\\\/#organization\"},\"potentialAction\":[{\"@type\":\"SearchAction\",\"target\":{\"@type\":\"EntryPoint\",\"urlTemplate\":\"https:\\\/\\\/bausba.com\\\/?s={search_term_string}\"},\"query-input\":{\"@type\":\"PropertyValueSpecification\",\"valueRequired\":true,\"valueName\":\"search_term_string\"}}],\"inLanguage\":\"es-AR\"},{\"@type\":\"Organization\",\"@id\":\"https:\\\/\\\/bausba.com\\\/#organization\",\"name\":\"BOGBA\",\"url\":\"https:\\\/\\\/bausba.com\\\/\",\"logo\":{\"@type\":\"ImageObject\",\"inLanguage\":\"es-AR\",\"@id\":\"https:\\\/\\\/bausba.com\\\/#\\\/schema\\\/logo\\\/image\\\/\",\"url\":\"https:\\\/\\\/www.bogba.com\\\/wp-content\\\/uploads\\\/2017\\\/04\\\/BOGBA-2017.png\",\"contentUrl\":\"https:\\\/\\\/www.bogba.com\\\/wp-content\\\/uploads\\\/2017\\\/04\\\/BOGBA-2017.png\",\"width\":588,\"height\":588,\"caption\":\"BOGBA\"},\"image\":{\"@id\":\"https:\\\/\\\/bausba.com\\\/#\\\/schema\\\/logo\\\/image\\\/\"},\"sameAs\":[\"https:\\\/\\\/www.facebook.com\\\/BeOurGuestBA\",\"https:\\\/\\\/x.com\\\/beourguest_ba\",\"https:\\\/\\\/www.instagram.com\\\/beourguest.ba\\\/\",\"https:\\\/\\\/www.linkedin.com\\\/organization\\\/24770421\"]}]}<\/script>\n<!-- \/ Yoast SEO plugin. -->","yoast_head_json":{"title":"Temporary and furnished apartments Palermo neighborhood","description":"Furnished apartments in Palermo neighborhood. Soho, Chico and Alto Palermo. Studios, one bedroom and two bedroom with ammenities and 24 hours security.","robots":{"index":"index","follow":"follow","max-snippet":"max-snippet:-1","max-image-preview":"max-image-preview:large","max-video-preview":"max-video-preview:-1"},"canonical":"https:\/\/bausba.com\/es\/palermo-neighborhood\/","og_locale":"es_ES","og_type":"article","og_title":"Temporary and furnished apartments Palermo neighborhood","og_description":"Furnished apartments in Palermo neighborhood. Soho, Chico and Alto Palermo. Studios, one bedroom and two bedroom with ammenities and 24 hours security.","og_url":"https:\/\/bausba.com\/es\/palermo-neighborhood\/","og_site_name":"Baus","article_publisher":"https:\/\/www.facebook.com\/BeOurGuestBA","article_modified_time":"2020-05-03T00:04:59+00:00","twitter_card":"summary_large_image","twitter_site":"@beourguest_ba","twitter_misc":{"Tiempo de lectura":"1 minuto"},"schema":{"@context":"https:\/\/schema.org","@graph":[{"@type":"WebPage","@id":"https:\/\/bausba.com\/palermo-neighborhood\/","url":"https:\/\/bausba.com\/palermo-neighborhood\/","name":"Temporary and furnished apartments Palermo neighborhood","isPartOf":{"@id":"https:\/\/bausba.com\/#website"},"datePublished":"2015-12-08T23:39:52+00:00","dateModified":"2020-05-03T00:04:59+00:00","description":"Furnished apartments in Palermo neighborhood. Soho, Chico and Alto Palermo. Studios, one bedroom and two bedroom with ammenities and 24 hours security.","breadcrumb":{"@id":"https:\/\/bausba.com\/palermo-neighborhood\/#breadcrumb"},"inLanguage":"es-AR","potentialAction":[{"@type":"ReadAction","target":["https:\/\/bausba.com\/palermo-neighborhood\/"]}]},{"@type":"BreadcrumbList","@id":"https:\/\/bausba.com\/palermo-neighborhood\/#breadcrumb","itemListElement":[{"@type":"ListItem","position":1,"name":"Home","item":"https:\/\/bausba.com\/"},{"@type":"ListItem","position":2,"name":"Palermo"}]},{"@type":"WebSite","@id":"https:\/\/bausba.com\/#website","url":"https:\/\/bausba.com\/","name":"Baus","description":"Your home away from home &lt;3 Furnished apartment and corporate temporary rentals","publisher":{"@id":"https:\/\/bausba.com\/#organization"},"potentialAction":[{"@type":"SearchAction","target":{"@type":"EntryPoint","urlTemplate":"https:\/\/bausba.com\/?s={search_term_string}"},"query-input":{"@type":"PropertyValueSpecification","valueRequired":true,"valueName":"search_term_string"}}],"inLanguage":"es-AR"},{"@type":"Organization","@id":"https:\/\/bausba.com\/#organization","name":"BOGBA","url":"https:\/\/bausba.com\/","logo":{"@type":"ImageObject","inLanguage":"es-AR","@id":"https:\/\/bausba.com\/#\/schema\/logo\/image\/","url":"https:\/\/www.bogba.com\/wp-content\/uploads\/2017\/04\/BOGBA-2017.png","contentUrl":"https:\/\/www.bogba.com\/wp-content\/uploads\/2017\/04\/BOGBA-2017.png","width":588,"height":588,"caption":"BOGBA"},"image":{"@id":"https:\/\/bausba.com\/#\/schema\/logo\/image\/"},"sameAs":["https:\/\/www.facebook.com\/BeOurGuestBA","https:\/\/x.com\/beourguest_ba","https:\/\/www.instagram.com\/beourguest.ba\/","https:\/\/www.linkedin.com\/organization\/24770421"]}]}},"_links":{"self":[{"href":"https:\/\/bausba.com\/es\/wp-json\/wp\/v2\/pages\/881","targetHints":{"allow":["GET"]}}],"collection":[{"href":"https:\/\/bausba.com\/es\/wp-json\/wp\/v2\/pages"}],"about":[{"href":"https:\/\/bausba.com\/es\/wp-json\/wp\/v2\/types\/page"}],"author":[{"embeddable":true,"href":"https:\/\/bausba.com\/es\/wp-json\/wp\/v2\/users\/1"}],"replies":[{"embeddable":true,"href":"https:\/\/bausba.com\/es\/wp-json\/wp\/v2\/comments?post=881"}],"version-history":[{"count":1,"href":"https:\/\/bausba.com\/es\/wp-json\/wp\/v2\/pages\/881\/revisions"}],"predecessor-version":[{"id":3499,"href":"https:\/\/bausba.com\/es\/wp-json\/wp\/v2\/pages\/881\/revisions\/3499"}],"wp:attachment":[{"href":"https:\/\/bausba.com\/es\/wp-json\/wp\/v2\/media?parent=881"}],"curies":[{"name":"wp","href":"https:\/\/api.w.org\/{rel}","templated":true}]}}