{"id":4690,"date":"2026-02-10T02:31:23","date_gmt":"2026-02-10T02:31:23","guid":{"rendered":"https:\/\/bausba.com\/?page_id=4690"},"modified":"2026-02-10T03:04:06","modified_gmt":"2026-02-10T03:04:06","slug":"el-salvador-6075-3c","status":"publish","type":"page","link":"https:\/\/bausba.com\/es\/el-salvador-6075-3c\/","title":{"rendered":"El Salvador 6075 3C"},"content":{"rendered":"<h1>El Salvador 6075<\/h1>\n\t<h1>Studio 3C<\/h1>\n<figure itemscope itemtype=\"https:\/\/schema.org\/ImageObject\">\n\t\t\t\t<img loading=\"lazy\" decoding=\"async\" src=\"https:\/\/bausba.com\/wp-content\/uploads\/2026\/02\/12166dfc-9a1f-4f65-a94a-b99d6c368839.jpeg\" alt=\"12166dfc-9a1f-4f65-a94a-b99d6c368839\" height=\"960\" width=\"1440\" title=\"12166dfc-9a1f-4f65-a94a-b99d6c368839\" onerror=\"this.style.display='none'\" \/>\n\t\t\n\t<\/figure>\n<figure itemscope itemtype=\"https:\/\/schema.org\/ImageObject\">\n\t\t\t\t<img loading=\"lazy\" decoding=\"async\" src=\"https:\/\/bausba.com\/wp-content\/uploads\/2026\/02\/8dfd3270-311d-4d4e-a170-08c236a90082.jpeg\" alt=\"8dfd3270-311d-4d4e-a170-08c236a90082\" height=\"480\" width=\"720\" title=\"8dfd3270-311d-4d4e-a170-08c236a90082\" onerror=\"this.style.display='none'\" \/>\n\t\t\n\t<\/figure>\n<figure itemscope itemtype=\"https:\/\/schema.org\/ImageObject\">\n\t\t\t\t<img loading=\"lazy\" decoding=\"async\" src=\"https:\/\/bausba.com\/wp-content\/uploads\/2026\/02\/dee20c27-8b41-4e52-9ee8-f20882c3a0a4.jpeg\" alt=\"dee20c27-8b41-4e52-9ee8-f20882c3a0a4\" height=\"480\" width=\"720\" title=\"dee20c27-8b41-4e52-9ee8-f20882c3a0a4\" onerror=\"this.style.display='none'\" \/>\n\t\t\n\t<\/figure>\n<figure itemscope itemtype=\"https:\/\/schema.org\/ImageObject\">\n\t\t\t\t<img loading=\"lazy\" decoding=\"async\" src=\"https:\/\/bausba.com\/wp-content\/uploads\/2026\/02\/36e1330c-191f-42c7-b115-40953935bcb4.jpeg\" alt=\"36e1330c-191f-42c7-b115-40953935bcb4\" height=\"480\" width=\"720\" title=\"36e1330c-191f-42c7-b115-40953935bcb4\" onerror=\"this.style.display='none'\" \/>\n\t\t\n\t<\/figure>\n<figure itemscope itemtype=\"https:\/\/schema.org\/ImageObject\">\n\t\t\t\t<img loading=\"lazy\" decoding=\"async\" src=\"https:\/\/bausba.com\/wp-content\/uploads\/2026\/02\/70f7bb4d-4cf8-45cc-afeb-528c613069e6.avif\" alt=\"70f7bb4d-4cf8-45cc-afeb-528c613069e6\" height=\"800\" width=\"1200\" title=\"70f7bb4d-4cf8-45cc-afeb-528c613069e6\" onerror=\"this.style.display='none'\" \/>\n\t\t\n\t<\/figure>\n<figure itemscope itemtype=\"https:\/\/schema.org\/ImageObject\">\n\t\t\t\t<img loading=\"lazy\" decoding=\"async\" src=\"https:\/\/bausba.com\/wp-content\/uploads\/2026\/02\/29c73435-b6cb-49df-ab9e-b4966a66c5b2-1.jpeg\" alt=\"29c73435-b6cb-49df-ab9e-b4966a66c5b2\" height=\"800\" width=\"1200\" title=\"29c73435-b6cb-49df-ab9e-b4966a66c5b2\" onerror=\"this.style.display='none'\" \/>\n\t\t\n\t<\/figure>\n<figure itemscope itemtype=\"https:\/\/schema.org\/ImageObject\">\n\t\t\t\t<img loading=\"lazy\" decoding=\"async\" src=\"https:\/\/bausba.com\/wp-content\/uploads\/2026\/02\/c3042756-2fd0-4c3b-b945-0fec26bd1d7c.avif\" alt=\"c3042756-2fd0-4c3b-b945-0fec26bd1d7c\" height=\"800\" width=\"1200\" title=\"c3042756-2fd0-4c3b-b945-0fec26bd1d7c\" onerror=\"this.style.display='none'\" \/>\n\t\t\n\t<\/figure>\n<figure itemscope itemtype=\"https:\/\/schema.org\/ImageObject\">\n\t\t\t\t<img loading=\"lazy\" decoding=\"async\" src=\"https:\/\/bausba.com\/wp-content\/uploads\/2026\/02\/a4913a76-b79a-4b5b-b42c-7db6660144c6.jpeg\" alt=\"a4913a76-b79a-4b5b-b42c-7db6660144c6\" height=\"480\" width=\"720\" title=\"a4913a76-b79a-4b5b-b42c-7db6660144c6\" onerror=\"this.style.display='none'\" \/>\n\t\t\n\t<\/figure>\n<figure itemscope itemtype=\"https:\/\/schema.org\/ImageObject\">\n\t\t\t\t<img loading=\"lazy\" decoding=\"async\" src=\"https:\/\/bausba.com\/wp-content\/uploads\/2026\/02\/f203e6d3-f59f-42b7-b14a-1a1f2a52634b.jpeg\" alt=\"f203e6d3-f59f-42b7-b14a-1a1f2a52634b\" height=\"480\" width=\"720\" title=\"f203e6d3-f59f-42b7-b14a-1a1f2a52634b\" onerror=\"this.style.display='none'\" \/>\n\t\t\n\t<\/figure>\n\t<h1>Amenities<\/h1>\n\t<p>Edificio moderno, con pileta y gimnasio en pleno coraz\u00f3n de Palermo Hollywood<\/p>\n\n<figure itemscope itemtype=\"https:\/\/schema.org\/ImageObject\">\n\t\t\t\t<img loading=\"lazy\" decoding=\"async\" src=\"https:\/\/bausba.com\/wp-content\/uploads\/2026\/02\/1.jpeg\" alt=\"1\" height=\"800\" width=\"1200\" title=\"1\" onerror=\"this.style.display='none'\" \/>\n\t\t\n\t<\/figure>\n<figure itemscope itemtype=\"https:\/\/schema.org\/ImageObject\">\n\t\t\t\t<img loading=\"lazy\" decoding=\"async\" src=\"https:\/\/bausba.com\/wp-content\/uploads\/2026\/02\/4.jpeg\" alt=\"4\" height=\"800\" width=\"1200\" title=\"4\" onerror=\"this.style.display='none'\" \/>\n\t\t\n\t<\/figure>\n<figure itemscope itemtype=\"https:\/\/schema.org\/ImageObject\">\n\t\t\t\t<img loading=\"lazy\" decoding=\"async\" src=\"https:\/\/bausba.com\/wp-content\/uploads\/2026\/02\/2.jpeg\" alt=\"2\" height=\"800\" width=\"1200\" title=\"2\" onerror=\"this.style.display='none'\" \/>\n\t\t\n\t<\/figure>\n<figure itemscope itemtype=\"https:\/\/schema.org\/ImageObject\">\n\t\t\t\t<img loading=\"lazy\" decoding=\"async\" src=\"https:\/\/bausba.com\/wp-content\/uploads\/2026\/02\/3.jpeg\" alt=\"3\" height=\"800\" width=\"1200\" title=\"3\" onerror=\"this.style.display='none'\" \/>\n\t\t\n\t<\/figure>\n<figure itemscope itemtype=\"https:\/\/schema.org\/ImageObject\">\n\t\t\t\t<img loading=\"lazy\" decoding=\"async\" src=\"https:\/\/bausba.com\/wp-content\/uploads\/2026\/02\/5.avif\" alt=\"5\" height=\"800\" width=\"1200\" title=\"5\" onerror=\"this.style.display='none'\" \/>\n\t\t\n\t<\/figure>\n<figure itemscope itemtype=\"https:\/\/schema.org\/ImageObject\">\n\t\t\t\t<img loading=\"lazy\" decoding=\"async\" src=\"https:\/\/bausba.com\/wp-content\/uploads\/2026\/02\/2.jpeg\" alt=\"2\" height=\"800\" width=\"1200\" title=\"2\" onerror=\"this.style.display='none'\" \/>\n\t\t\n\t<\/figure>\n\t<p>Alojamientos Corporativos<\/p>\n\t<strong data-start=\"91\" data-end=\"126\">VIAJES DE NEGOCIOS, REDEFINIDOS<\/strong>\nDej\u00e1 atr\u00e1s la habitaci\u00f3n de hotel\ny disfrut\u00e1 de espacios c\u00f3modos, de dise\u00f1o y confiables,\npensados para acompa\u00f1arte durante tus viajes.\n\t\n<div class=\"wpcf7 no-js\" id=\"wpcf7-f3756-o1\" lang=\"en-US\" dir=\"ltr\" data-wpcf7-id=\"3756\">\n<div class=\"screen-reader-response\"><p role=\"status\" aria-live=\"polite\" aria-atomic=\"true\"><\/p> <ul><\/ul><\/div>\n<form action=\"\/es\/wp-json\/wp\/v2\/pages\/4690#wpcf7-f3756-o1\" method=\"post\" class=\"wpcf7-form init\" aria-label=\"Contact form\" novalidate=\"novalidate\" data-status=\"init\" data-trp-original-action=\"\/es\/wp-json\/wp\/v2\/pages\/4690#wpcf7-f3756-o1\">\n<fieldset class=\"hidden-fields-container\"><input type=\"hidden\" name=\"_wpcf7\" value=\"3756\" \/><input type=\"hidden\" name=\"_wpcf7_version\" value=\"6.1.5\" \/><input type=\"hidden\" name=\"_wpcf7_locale\" value=\"en_US\" \/><input type=\"hidden\" name=\"_wpcf7_unit_tag\" value=\"wpcf7-f3756-o1\" \/><input type=\"hidden\" name=\"_wpcf7_container_post\" value=\"0\" \/><input type=\"hidden\" name=\"_wpcf7_posted_data_hash\" value=\"\" \/>\n<\/fieldset>\n<p><label> Tu nombre (requerido)<br \/>\n<span class=\"wpcf7-form-control-wrap\" data-name=\"full-name\"><input size=\"40\" maxlength=\"400\" class=\"wpcf7-form-control wpcf7-text wpcf7-validates-as-required\" aria-required=\"true\" aria-invalid=\"false\" value=\"\" type=\"text\" name=\"full-name\" \/><\/span> <\/label>\n<\/p>\n<style>\n\n.green-text {\n\ncolor: #008000;\n\n}\n<\/style>\n<p><label> Tel\u00e9fono (requerido)<br \/>\n<span class=\"wpcf7-form-control-wrap\" data-name=\"Phone\"><input size=\"40\" maxlength=\"400\" class=\"wpcf7-form-control wpcf7-tel wpcf7-text wpcf7-validates-as-tel\" aria-invalid=\"false\" value=\"\" type=\"tel\" name=\"Phone\" \/><\/span> <\/label>\n<\/p>\n<p><label> Email (requerido)<br \/>\n<span class=\"wpcf7-form-control-wrap\" data-name=\"your-email\"><input size=\"40\" maxlength=\"400\" class=\"wpcf7-form-control wpcf7-email wpcf7-validates-as-required wpcf7-text wpcf7-validates-as-email\" aria-required=\"true\" aria-invalid=\"false\" value=\"\" type=\"email\" name=\"your-email\" \/><\/span> <\/label>\n<\/p>\n<p><label> Empresa (requerido)<br \/>\n<span class=\"wpcf7-form-control-wrap\" data-name=\"your-subject\"><input size=\"40\" maxlength=\"400\" class=\"wpcf7-form-control wpcf7-text\" aria-invalid=\"false\" value=\"\" type=\"text\" name=\"your-subject\" \/><\/span> <\/label>\n<\/p>\n<p><input class=\"wpcf7-form-control wpcf7-submit has-spinner\" type=\"submit\" value=\"ENVIAR\" \/>\n<\/p><div class=\"wpcf7-response-output\" aria-hidden=\"true\"><\/div>\n<input type=\"hidden\" name=\"trp-form-language\" value=\"es\"\/><\/form>\n<\/div>","protected":false},"excerpt":{"rendered":"<p>El Salvador 6075 Studio 3C Amenities Edificio moderno, con pileta y gimnasio en pleno coraz\u00f3n de Palermo Hollywood Alojamientos Corporativos VIAJES DE NEGOCIOS, REDEFINIDOS Dej\u00e1 atr\u00e1s la habitaci\u00f3n de hotel y disfrut\u00e1 de espacios c\u00f3modos, de dise\u00f1o y confiables, pensados para acompa\u00f1arte durante tus viajes.<\/p>","protected":false},"author":1,"featured_media":0,"parent":0,"menu_order":0,"comment_status":"closed","ping_status":"closed","template":"full-width-page.php","meta":{"site-sidebar-layout":"default","site-content-layout":"","ast-site-content-layout":"default","site-content-style":"default","site-sidebar-style":"default","ast-global-header-display":"","ast-banner-title-visibility":"","ast-main-header-display":"","ast-hfb-above-header-display":"","ast-hfb-below-header-display":"","ast-hfb-mobile-header-display":"","site-post-title":"","ast-breadcrumbs-content":"","ast-featured-img":"","footer-sml-layout":"","ast-disable-related-posts":"","theme-transparent-header-meta":"","adv-header-id-meta":"","stick-header-meta":"","header-above-stick-meta":"","header-main-stick-meta":"","header-below-stick-meta":"","astra-migrate-meta-layouts":"default","ast-page-background-enabled":"default","ast-page-background-meta":{"desktop":{"background-color":"var(--ast-global-color-4)","background-image":"","background-repeat":"repeat","background-position":"center center","background-size":"auto","background-attachment":"scroll","background-type":"","background-media":"","overlay-type":"","overlay-color":"","overlay-opacity":"","overlay-gradient":""},"tablet":{"background-color":"","background-image":"","background-repeat":"repeat","background-position":"center center","background-size":"auto","background-attachment":"scroll","background-type":"","background-media":"","overlay-type":"","overlay-color":"","overlay-opacity":"","overlay-gradient":""},"mobile":{"background-color":"","background-image":"","background-repeat":"repeat","background-position":"center center","background-size":"auto","background-attachment":"scroll","background-type":"","background-media":"","overlay-type":"","overlay-color":"","overlay-opacity":"","overlay-gradient":""}},"ast-content-background-meta":{"desktop":{"background-color":"var(--ast-global-color-5)","background-image":"","background-repeat":"repeat","background-position":"center center","background-size":"auto","background-attachment":"scroll","background-type":"","background-media":"","overlay-type":"","overlay-color":"","overlay-opacity":"","overlay-gradient":""},"tablet":{"background-color":"var(--ast-global-color-5)","background-image":"","background-repeat":"repeat","background-position":"center center","background-size":"auto","background-attachment":"scroll","background-type":"","background-media":"","overlay-type":"","overlay-color":"","overlay-opacity":"","overlay-gradient":""},"mobile":{"background-color":"var(--ast-global-color-5)","background-image":"","background-repeat":"repeat","background-position":"center center","background-size":"auto","background-attachment":"scroll","background-type":"","background-media":"","overlay-type":"","overlay-color":"","overlay-opacity":"","overlay-gradient":""}},"_joinchat":[],"footnotes":""},"class_list":["post-4690","page","type-page","status-publish","hentry"],"yoast_head":"<!-- This site is optimized with the Yoast SEO plugin v27.5 - https:\/\/yoast.com\/product\/yoast-seo-wordpress\/ -->\n<title>Baus Design Studios - Libertador 5822<\/title>\n<meta name=\"description\" content=\"Libertador 5822 - Hello Baus Buenos Aires - Unique apartments in the middle of Belgrano in this unique building designed by Studio Groisman\" \/>\n<meta name=\"robots\" content=\"index, follow, max-snippet:-1, max-image-preview:large, max-video-preview:-1\" \/>\n<link rel=\"canonical\" href=\"https:\/\/bausba.com\/es\/el-salvador-6075-3c\/\" \/>\n<meta property=\"og:locale\" content=\"es_ES\" \/>\n<meta property=\"og:type\" content=\"article\" \/>\n<meta property=\"og:title\" content=\"Baus Design Studios - Libertador 5822\" \/>\n<meta property=\"og:description\" content=\"Libertador 5822 - Hello Baus Buenos Aires - Unique apartments in the middle of Belgrano in this unique building designed by Studio Groisman\" \/>\n<meta property=\"og:url\" content=\"https:\/\/bausba.com\/es\/el-salvador-6075-3c\/\" \/>\n<meta property=\"og:site_name\" content=\"Baus\" \/>\n<meta property=\"article:publisher\" content=\"https:\/\/www.facebook.com\/BeOurGuestBA\" \/>\n<meta property=\"article:modified_time\" content=\"2026-02-10T03:04:06+00:00\" \/>\n<meta property=\"og:image\" content=\"https:\/\/bausba.com\/wp-content\/uploads\/2026\/02\/12166dfc-9a1f-4f65-a94a-b99d6c368839.jpeg\" \/>\n<meta name=\"twitter:card\" content=\"summary_large_image\" \/>\n<meta name=\"twitter:site\" content=\"@beourguest_ba\" \/>\n<meta name=\"twitter:label1\" content=\"Tiempo de lectura\" \/>\n\t<meta name=\"twitter:data1\" content=\"4 minutos\" \/>\n<script type=\"application\/ld+json\" class=\"yoast-schema-graph\">{\"@context\":\"https:\\\/\\\/schema.org\",\"@graph\":[{\"@type\":\"WebPage\",\"@id\":\"https:\\\/\\\/bausba.com\\\/el-salvador-6075-3c\\\/\",\"url\":\"https:\\\/\\\/bausba.com\\\/el-salvador-6075-3c\\\/\",\"name\":\"Baus Design Studios - Libertador 5822\",\"isPartOf\":{\"@id\":\"https:\\\/\\\/bausba.com\\\/#website\"},\"primaryImageOfPage\":{\"@id\":\"https:\\\/\\\/bausba.com\\\/el-salvador-6075-3c\\\/#primaryimage\"},\"image\":{\"@id\":\"https:\\\/\\\/bausba.com\\\/el-salvador-6075-3c\\\/#primaryimage\"},\"thumbnailUrl\":\"https:\\\/\\\/bausba.com\\\/wp-content\\\/uploads\\\/2026\\\/02\\\/12166dfc-9a1f-4f65-a94a-b99d6c368839.jpeg\",\"datePublished\":\"2026-02-10T02:31:23+00:00\",\"dateModified\":\"2026-02-10T03:04:06+00:00\",\"description\":\"Libertador 5822 - Hello Baus Buenos Aires - Unique apartments in the middle of Belgrano in this unique building designed by Studio Groisman\",\"breadcrumb\":{\"@id\":\"https:\\\/\\\/bausba.com\\\/el-salvador-6075-3c\\\/#breadcrumb\"},\"inLanguage\":\"es-AR\",\"potentialAction\":[{\"@type\":\"ReadAction\",\"target\":[\"https:\\\/\\\/bausba.com\\\/el-salvador-6075-3c\\\/\"]}]},{\"@type\":\"ImageObject\",\"inLanguage\":\"es-AR\",\"@id\":\"https:\\\/\\\/bausba.com\\\/el-salvador-6075-3c\\\/#primaryimage\",\"url\":\"https:\\\/\\\/bausba.com\\\/wp-content\\\/uploads\\\/2026\\\/02\\\/12166dfc-9a1f-4f65-a94a-b99d6c368839.jpeg\",\"contentUrl\":\"https:\\\/\\\/bausba.com\\\/wp-content\\\/uploads\\\/2026\\\/02\\\/12166dfc-9a1f-4f65-a94a-b99d6c368839.jpeg\"},{\"@type\":\"BreadcrumbList\",\"@id\":\"https:\\\/\\\/bausba.com\\\/el-salvador-6075-3c\\\/#breadcrumb\",\"itemListElement\":[{\"@type\":\"ListItem\",\"position\":1,\"name\":\"Home\",\"item\":\"https:\\\/\\\/bausba.com\\\/\"},{\"@type\":\"ListItem\",\"position\":2,\"name\":\"El Salvador 6075 3C\"}]},{\"@type\":\"WebSite\",\"@id\":\"https:\\\/\\\/bausba.com\\\/#website\",\"url\":\"https:\\\/\\\/bausba.com\\\/\",\"name\":\"Baus\",\"description\":\"Your home away from home &lt;3 Furnished apartment and corporate temporary rentals\",\"publisher\":{\"@id\":\"https:\\\/\\\/bausba.com\\\/#organization\"},\"potentialAction\":[{\"@type\":\"SearchAction\",\"target\":{\"@type\":\"EntryPoint\",\"urlTemplate\":\"https:\\\/\\\/bausba.com\\\/?s={search_term_string}\"},\"query-input\":{\"@type\":\"PropertyValueSpecification\",\"valueRequired\":true,\"valueName\":\"search_term_string\"}}],\"inLanguage\":\"es-AR\"},{\"@type\":\"Organization\",\"@id\":\"https:\\\/\\\/bausba.com\\\/#organization\",\"name\":\"BOGBA\",\"url\":\"https:\\\/\\\/bausba.com\\\/\",\"logo\":{\"@type\":\"ImageObject\",\"inLanguage\":\"es-AR\",\"@id\":\"https:\\\/\\\/bausba.com\\\/#\\\/schema\\\/logo\\\/image\\\/\",\"url\":\"https:\\\/\\\/www.bogba.com\\\/wp-content\\\/uploads\\\/2017\\\/04\\\/BOGBA-2017.png\",\"contentUrl\":\"https:\\\/\\\/www.bogba.com\\\/wp-content\\\/uploads\\\/2017\\\/04\\\/BOGBA-2017.png\",\"width\":588,\"height\":588,\"caption\":\"BOGBA\"},\"image\":{\"@id\":\"https:\\\/\\\/bausba.com\\\/#\\\/schema\\\/logo\\\/image\\\/\"},\"sameAs\":[\"https:\\\/\\\/www.facebook.com\\\/BeOurGuestBA\",\"https:\\\/\\\/x.com\\\/beourguest_ba\",\"https:\\\/\\\/www.instagram.com\\\/beourguest.ba\\\/\",\"https:\\\/\\\/www.linkedin.com\\\/organization\\\/24770421\"]}]}<\/script>\n<!-- \/ Yoast SEO plugin. -->","yoast_head_json":{"title":"Baus Design Studios - Libertador 5822","description":"Libertador 5822 - Hello Baus Buenos Aires - Unique apartments in the middle of Belgrano in this unique building designed by Studio Groisman","robots":{"index":"index","follow":"follow","max-snippet":"max-snippet:-1","max-image-preview":"max-image-preview:large","max-video-preview":"max-video-preview:-1"},"canonical":"https:\/\/bausba.com\/es\/el-salvador-6075-3c\/","og_locale":"es_ES","og_type":"article","og_title":"Baus Design Studios - Libertador 5822","og_description":"Libertador 5822 - Hello Baus Buenos Aires - Unique apartments in the middle of Belgrano in this unique building designed by Studio Groisman","og_url":"https:\/\/bausba.com\/es\/el-salvador-6075-3c\/","og_site_name":"Baus","article_publisher":"https:\/\/www.facebook.com\/BeOurGuestBA","article_modified_time":"2026-02-10T03:04:06+00:00","og_image":[{"url":"https:\/\/bausba.com\/wp-content\/uploads\/2026\/02\/12166dfc-9a1f-4f65-a94a-b99d6c368839.jpeg","type":"","width":"","height":""}],"twitter_card":"summary_large_image","twitter_site":"@beourguest_ba","twitter_misc":{"Tiempo de lectura":"4 minutos"},"schema":{"@context":"https:\/\/schema.org","@graph":[{"@type":"WebPage","@id":"https:\/\/bausba.com\/el-salvador-6075-3c\/","url":"https:\/\/bausba.com\/el-salvador-6075-3c\/","name":"Baus Design Studios - Libertador 5822","isPartOf":{"@id":"https:\/\/bausba.com\/#website"},"primaryImageOfPage":{"@id":"https:\/\/bausba.com\/el-salvador-6075-3c\/#primaryimage"},"image":{"@id":"https:\/\/bausba.com\/el-salvador-6075-3c\/#primaryimage"},"thumbnailUrl":"https:\/\/bausba.com\/wp-content\/uploads\/2026\/02\/12166dfc-9a1f-4f65-a94a-b99d6c368839.jpeg","datePublished":"2026-02-10T02:31:23+00:00","dateModified":"2026-02-10T03:04:06+00:00","description":"Libertador 5822 - Hello Baus Buenos Aires - Unique apartments in the middle of Belgrano in this unique building designed by Studio Groisman","breadcrumb":{"@id":"https:\/\/bausba.com\/el-salvador-6075-3c\/#breadcrumb"},"inLanguage":"es-AR","potentialAction":[{"@type":"ReadAction","target":["https:\/\/bausba.com\/el-salvador-6075-3c\/"]}]},{"@type":"ImageObject","inLanguage":"es-AR","@id":"https:\/\/bausba.com\/el-salvador-6075-3c\/#primaryimage","url":"https:\/\/bausba.com\/wp-content\/uploads\/2026\/02\/12166dfc-9a1f-4f65-a94a-b99d6c368839.jpeg","contentUrl":"https:\/\/bausba.com\/wp-content\/uploads\/2026\/02\/12166dfc-9a1f-4f65-a94a-b99d6c368839.jpeg"},{"@type":"BreadcrumbList","@id":"https:\/\/bausba.com\/el-salvador-6075-3c\/#breadcrumb","itemListElement":[{"@type":"ListItem","position":1,"name":"Home","item":"https:\/\/bausba.com\/"},{"@type":"ListItem","position":2,"name":"El Salvador 6075 3C"}]},{"@type":"WebSite","@id":"https:\/\/bausba.com\/#website","url":"https:\/\/bausba.com\/","name":"Baus","description":"Your home away from home &lt;3 Furnished apartment and corporate temporary rentals","publisher":{"@id":"https:\/\/bausba.com\/#organization"},"potentialAction":[{"@type":"SearchAction","target":{"@type":"EntryPoint","urlTemplate":"https:\/\/bausba.com\/?s={search_term_string}"},"query-input":{"@type":"PropertyValueSpecification","valueRequired":true,"valueName":"search_term_string"}}],"inLanguage":"es-AR"},{"@type":"Organization","@id":"https:\/\/bausba.com\/#organization","name":"BOGBA","url":"https:\/\/bausba.com\/","logo":{"@type":"ImageObject","inLanguage":"es-AR","@id":"https:\/\/bausba.com\/#\/schema\/logo\/image\/","url":"https:\/\/www.bogba.com\/wp-content\/uploads\/2017\/04\/BOGBA-2017.png","contentUrl":"https:\/\/www.bogba.com\/wp-content\/uploads\/2017\/04\/BOGBA-2017.png","width":588,"height":588,"caption":"BOGBA"},"image":{"@id":"https:\/\/bausba.com\/#\/schema\/logo\/image\/"},"sameAs":["https:\/\/www.facebook.com\/BeOurGuestBA","https:\/\/x.com\/beourguest_ba","https:\/\/www.instagram.com\/beourguest.ba\/","https:\/\/www.linkedin.com\/organization\/24770421"]}]}},"_links":{"self":[{"href":"https:\/\/bausba.com\/es\/wp-json\/wp\/v2\/pages\/4690","targetHints":{"allow":["GET"]}}],"collection":[{"href":"https:\/\/bausba.com\/es\/wp-json\/wp\/v2\/pages"}],"about":[{"href":"https:\/\/bausba.com\/es\/wp-json\/wp\/v2\/types\/page"}],"author":[{"embeddable":true,"href":"https:\/\/bausba.com\/es\/wp-json\/wp\/v2\/users\/1"}],"replies":[{"embeddable":true,"href":"https:\/\/bausba.com\/es\/wp-json\/wp\/v2\/comments?post=4690"}],"version-history":[{"count":5,"href":"https:\/\/bausba.com\/es\/wp-json\/wp\/v2\/pages\/4690\/revisions"}],"predecessor-version":[{"id":4739,"href":"https:\/\/bausba.com\/es\/wp-json\/wp\/v2\/pages\/4690\/revisions\/4739"}],"wp:attachment":[{"href":"https:\/\/bausba.com\/es\/wp-json\/wp\/v2\/media?parent=4690"}],"curies":[{"name":"wp","href":"https:\/\/api.w.org\/{rel}","templated":true}]}}