{"id":4538,"date":"2024-09-05T20:46:27","date_gmt":"2024-09-05T20:46:27","guid":{"rendered":"https:\/\/bausba.com\/?page_id=4538"},"modified":"2026-02-09T16:15:06","modified_gmt":"2026-02-09T16:15:06","slug":"alley-recoleta","status":"publish","type":"page","link":"https:\/\/bausba.com\/es\/alley-recoleta\/","title":{"rendered":"Alley Recoleta"},"content":{"rendered":"<h1>Alley &#8211; Jack Green<\/h1>\n\t<h2>Amenities<\/h2>\n\t<p>Departamentos de dise\u00f1o \u00fanico en un edificio con seguridad 24 horas, totalmente equipados para estad\u00edas de corta y larga duraci\u00f3n<\/p>\n<figure itemscope itemtype=\"https:\/\/schema.org\/ImageObject\">\n\t\t\t\t<img loading=\"lazy\" decoding=\"async\" src=\"https:\/\/bausba.com\/wp-content\/uploads\/2024\/09\/DSC06167-scaled.jpg\" alt=\"Alley Recoleta\" height=\"1634\" width=\"2560\" title=\"Alley Recoleta\" onerror=\"this.style.display='none'\" \/>\n\t\t\n\t<\/figure>\n<figure itemscope itemtype=\"https:\/\/schema.org\/ImageObject\">\n\t\t\t\t<img loading=\"lazy\" decoding=\"async\" src=\"https:\/\/bausba.com\/wp-content\/uploads\/2024\/09\/DSC06169.jpg\" alt=\"Alley Recoleta\" height=\"1575\" width=\"2362\" title=\"Alley Recoleta\" onerror=\"this.style.display='none'\" \/>\n\t\t\n\t<\/figure>\n<figure itemscope itemtype=\"https:\/\/schema.org\/ImageObject\">\n\t\t\t\t<img loading=\"lazy\" decoding=\"async\" src=\"https:\/\/bausba.com\/wp-content\/uploads\/2024\/09\/DSC06165-scaled.jpg\" alt=\"Alley Recoleta\" height=\"1688\" width=\"2560\" title=\"Alley Recoleta\" onerror=\"this.style.display='none'\" \/>\n\t\t\n\t<\/figure>\n<figure itemscope itemtype=\"https:\/\/schema.org\/ImageObject\">\n\t\t\t\t<img loading=\"lazy\" decoding=\"async\" src=\"https:\/\/bausba.com\/wp-content\/uploads\/2024\/09\/DSC06192.jpg\" alt=\"Co Working space Alley Recoleta\" height=\"1515\" width=\"2362\" title=\"Co Working space Alley Recoleta\" onerror=\"this.style.display='none'\" \/>\n\t\t<figcaption>Co Working space Alley Recoleta<\/figcaption>\n\t<\/figure>\n<figure itemscope itemtype=\"https:\/\/schema.org\/ImageObject\">\n\t\t\t\t<img loading=\"lazy\" decoding=\"async\" src=\"https:\/\/bausba.com\/wp-content\/uploads\/2024\/09\/DSC06189-scaled.jpg\" alt=\"Gym Alley Recoleta\" height=\"1671\" width=\"2560\" title=\"Gym Alley Recoleta\" onerror=\"this.style.display='none'\" \/>\n\t\t<figcaption>Gym Alley Recoleta<\/figcaption>\n\t<\/figure>\n<figure itemscope itemtype=\"https:\/\/schema.org\/ImageObject\">\n\t\t\t\t<img loading=\"lazy\" decoding=\"async\" src=\"https:\/\/bausba.com\/wp-content\/uploads\/2024\/09\/DSC06193.jpg\" alt=\"Meeting room Alley Recoleta\" height=\"1575\" width=\"2362\" title=\"Meeting room Alley Recoleta\" onerror=\"this.style.display='none'\" \/>\n\t\t<figcaption>Meeting room Alley Recoleta<\/figcaption>\n\t<\/figure>\n\t<p>Cont\u00e1ctanos para recibir m\u00e1s informaci\u00f3n<\/p>\n\t<p><strong>REDEFINIENDO LOS VIAJES POR TRABAJO<\/strong><\/p>\n<p>Vamos m\u00e1s all\u00e1 de las habitaciones de hotel convencionales,<\/p>\n<p>con espacios de estilo para que puedas<\/p>\n<p>disfrutar mientras viajas.<\/p>\n\t\n<div class=\"wpcf7 no-js\" id=\"wpcf7-f3756-o1\" lang=\"en-US\" dir=\"ltr\" data-wpcf7-id=\"3756\">\n<div class=\"screen-reader-response\"><p role=\"status\" aria-live=\"polite\" aria-atomic=\"true\"><\/p> <ul><\/ul><\/div>\n<form action=\"\/es\/wp-json\/wp\/v2\/pages\/4538#wpcf7-f3756-o1\" method=\"post\" class=\"wpcf7-form init\" aria-label=\"Contact form\" novalidate=\"novalidate\" data-status=\"init\" data-trp-original-action=\"\/es\/wp-json\/wp\/v2\/pages\/4538#wpcf7-f3756-o1\">\n<fieldset class=\"hidden-fields-container\"><input type=\"hidden\" name=\"_wpcf7\" value=\"3756\" \/><input type=\"hidden\" name=\"_wpcf7_version\" value=\"6.1.5\" \/><input type=\"hidden\" name=\"_wpcf7_locale\" value=\"en_US\" \/><input type=\"hidden\" name=\"_wpcf7_unit_tag\" value=\"wpcf7-f3756-o1\" \/><input type=\"hidden\" name=\"_wpcf7_container_post\" value=\"0\" \/><input type=\"hidden\" name=\"_wpcf7_posted_data_hash\" value=\"\" \/>\n<\/fieldset>\n<p><label> Tu nombre (requerido)<br \/>\n<span class=\"wpcf7-form-control-wrap\" data-name=\"full-name\"><input size=\"40\" maxlength=\"400\" class=\"wpcf7-form-control wpcf7-text wpcf7-validates-as-required\" aria-required=\"true\" aria-invalid=\"false\" value=\"\" type=\"text\" name=\"full-name\" \/><\/span> <\/label>\n<\/p>\n<style>\n\n.green-text {\n\ncolor: #008000;\n\n}\n<\/style>\n<p><label> Tel\u00e9fono (requerido)<br \/>\n<span class=\"wpcf7-form-control-wrap\" data-name=\"Phone\"><input size=\"40\" maxlength=\"400\" class=\"wpcf7-form-control wpcf7-tel wpcf7-text wpcf7-validates-as-tel\" aria-invalid=\"false\" value=\"\" type=\"tel\" name=\"Phone\" \/><\/span> <\/label>\n<\/p>\n<p><label> Email (requerido)<br \/>\n<span class=\"wpcf7-form-control-wrap\" data-name=\"your-email\"><input size=\"40\" maxlength=\"400\" class=\"wpcf7-form-control wpcf7-email wpcf7-validates-as-required wpcf7-text wpcf7-validates-as-email\" aria-required=\"true\" aria-invalid=\"false\" value=\"\" type=\"email\" name=\"your-email\" \/><\/span> <\/label>\n<\/p>\n<p><label> Empresa (requerido)<br \/>\n<span class=\"wpcf7-form-control-wrap\" data-name=\"your-subject\"><input size=\"40\" maxlength=\"400\" class=\"wpcf7-form-control wpcf7-text\" aria-invalid=\"false\" value=\"\" type=\"text\" name=\"your-subject\" \/><\/span> <\/label>\n<\/p>\n<p><input class=\"wpcf7-form-control wpcf7-submit has-spinner\" type=\"submit\" value=\"ENVIAR\" \/>\n<\/p><div class=\"wpcf7-response-output\" aria-hidden=\"true\"><\/div>\n<input type=\"hidden\" name=\"trp-form-language\" value=\"es\"\/><\/form>\n<\/div>","protected":false},"excerpt":{"rendered":"<p>Alley &#8211; Jack Green Amenities Departamentos de dise\u00f1o \u00fanico en un edificio con seguridad 24 horas, totalmente equipados para estad\u00edas de corta y larga duraci\u00f3n Co Working space Alley Recoleta Gym Alley Recoleta Meeting room Alley Recoleta Reach us to receive more information BUSINESS TRAVEL REDEFINED Go beyond the hotel room with convenient, stylish accommodations [&hellip;]<\/p>\n","protected":false},"author":1,"featured_media":0,"parent":0,"menu_order":0,"comment_status":"closed","ping_status":"closed","template":"full-width-page.php","meta":{"site-sidebar-layout":"default","site-content-layout":"","ast-site-content-layout":"default","site-content-style":"default","site-sidebar-style":"default","ast-global-header-display":"","ast-banner-title-visibility":"","ast-main-header-display":"","ast-hfb-above-header-display":"","ast-hfb-below-header-display":"","ast-hfb-mobile-header-display":"","site-post-title":"","ast-breadcrumbs-content":"","ast-featured-img":"","footer-sml-layout":"","ast-disable-related-posts":"","theme-transparent-header-meta":"","adv-header-id-meta":"","stick-header-meta":"","header-above-stick-meta":"","header-main-stick-meta":"","header-below-stick-meta":"","astra-migrate-meta-layouts":"default","ast-page-background-enabled":"default","ast-page-background-meta":{"desktop":{"background-color":"var(--ast-global-color-4)","background-image":"","background-repeat":"repeat","background-position":"center center","background-size":"auto","background-attachment":"scroll","background-type":"","background-media":"","overlay-type":"","overlay-color":"","overlay-opacity":"","overlay-gradient":""},"tablet":{"background-color":"","background-image":"","background-repeat":"repeat","background-position":"center center","background-size":"auto","background-attachment":"scroll","background-type":"","background-media":"","overlay-type":"","overlay-color":"","overlay-opacity":"","overlay-gradient":""},"mobile":{"background-color":"","background-image":"","background-repeat":"repeat","background-position":"center center","background-size":"auto","background-attachment":"scroll","background-type":"","background-media":"","overlay-type":"","overlay-color":"","overlay-opacity":"","overlay-gradient":""}},"ast-content-background-meta":{"desktop":{"background-color":"var(--ast-global-color-5)","background-image":"","background-repeat":"repeat","background-position":"center center","background-size":"auto","background-attachment":"scroll","background-type":"","background-media":"","overlay-type":"","overlay-color":"","overlay-opacity":"","overlay-gradient":""},"tablet":{"background-color":"var(--ast-global-color-5)","background-image":"","background-repeat":"repeat","background-position":"center center","background-size":"auto","background-attachment":"scroll","background-type":"","background-media":"","overlay-type":"","overlay-color":"","overlay-opacity":"","overlay-gradient":""},"mobile":{"background-color":"var(--ast-global-color-5)","background-image":"","background-repeat":"repeat","background-position":"center center","background-size":"auto","background-attachment":"scroll","background-type":"","background-media":"","overlay-type":"","overlay-color":"","overlay-opacity":"","overlay-gradient":""}},"_joinchat":[],"footnotes":""},"class_list":["post-4538","page","type-page","status-publish","hentry"],"yoast_head":"<!-- This site is optimized with the Yoast SEO plugin v27.5 - https:\/\/yoast.com\/product\/yoast-seo-wordpress\/ -->\n<title>Baus Premium Studios - Alley Recoleta<\/title>\n<meta name=\"description\" content=\"Alley Recoleta - Hello Baus Buenos Aires - Premium apartments in the middle of Recolta in this unique building designed by AS Architecture\" \/>\n<meta name=\"robots\" content=\"index, follow, max-snippet:-1, max-image-preview:large, max-video-preview:-1\" \/>\n<link rel=\"canonical\" href=\"https:\/\/bausba.com\/es\/alley-recoleta\/\" \/>\n<meta property=\"og:locale\" content=\"es_ES\" \/>\n<meta property=\"og:type\" content=\"article\" \/>\n<meta property=\"og:title\" content=\"Baus Premium Studios - Alley Recoleta\" \/>\n<meta property=\"og:description\" content=\"Alley Recoleta - Hello Baus Buenos Aires - Premium apartments in the middle of Recolta in this unique building designed by AS Architecture\" \/>\n<meta property=\"og:url\" content=\"https:\/\/bausba.com\/es\/alley-recoleta\/\" \/>\n<meta property=\"og:site_name\" content=\"Baus\" \/>\n<meta property=\"article:publisher\" content=\"https:\/\/www.facebook.com\/BeOurGuestBA\" \/>\n<meta property=\"article:modified_time\" content=\"2026-02-09T16:15:06+00:00\" \/>\n<meta property=\"og:image\" content=\"https:\/\/bausba.com\/wp-content\/uploads\/2024\/09\/DSC06167-scaled.jpg\" \/>\n<meta name=\"twitter:card\" content=\"summary_large_image\" \/>\n<meta name=\"twitter:site\" content=\"@beourguest_ba\" \/>\n<meta name=\"twitter:label1\" content=\"Tiempo de lectura\" \/>\n\t<meta name=\"twitter:data1\" content=\"4 minutos\" \/>\n<script type=\"application\/ld+json\" class=\"yoast-schema-graph\">{\"@context\":\"https:\\\/\\\/schema.org\",\"@graph\":[{\"@type\":\"WebPage\",\"@id\":\"https:\\\/\\\/bausba.com\\\/alley-recoleta\\\/\",\"url\":\"https:\\\/\\\/bausba.com\\\/alley-recoleta\\\/\",\"name\":\"Baus Premium Studios - Alley Recoleta\",\"isPartOf\":{\"@id\":\"https:\\\/\\\/bausba.com\\\/#website\"},\"primaryImageOfPage\":{\"@id\":\"https:\\\/\\\/bausba.com\\\/alley-recoleta\\\/#primaryimage\"},\"image\":{\"@id\":\"https:\\\/\\\/bausba.com\\\/alley-recoleta\\\/#primaryimage\"},\"thumbnailUrl\":\"https:\\\/\\\/bausba.com\\\/wp-content\\\/uploads\\\/2024\\\/09\\\/DSC06167-scaled.jpg\",\"datePublished\":\"2024-09-05T20:46:27+00:00\",\"dateModified\":\"2026-02-09T16:15:06+00:00\",\"description\":\"Alley Recoleta - Hello Baus Buenos Aires - Premium apartments in the middle of Recolta in this unique building designed by AS Architecture\",\"breadcrumb\":{\"@id\":\"https:\\\/\\\/bausba.com\\\/alley-recoleta\\\/#breadcrumb\"},\"inLanguage\":\"es-AR\",\"potentialAction\":[{\"@type\":\"ReadAction\",\"target\":[\"https:\\\/\\\/bausba.com\\\/alley-recoleta\\\/\"]}]},{\"@type\":\"ImageObject\",\"inLanguage\":\"es-AR\",\"@id\":\"https:\\\/\\\/bausba.com\\\/alley-recoleta\\\/#primaryimage\",\"url\":\"https:\\\/\\\/bausba.com\\\/wp-content\\\/uploads\\\/2024\\\/09\\\/DSC06167-scaled.jpg\",\"contentUrl\":\"https:\\\/\\\/bausba.com\\\/wp-content\\\/uploads\\\/2024\\\/09\\\/DSC06167-scaled.jpg\"},{\"@type\":\"BreadcrumbList\",\"@id\":\"https:\\\/\\\/bausba.com\\\/alley-recoleta\\\/#breadcrumb\",\"itemListElement\":[{\"@type\":\"ListItem\",\"position\":1,\"name\":\"Home\",\"item\":\"https:\\\/\\\/bausba.com\\\/\"},{\"@type\":\"ListItem\",\"position\":2,\"name\":\"Alley Recoleta\"}]},{\"@type\":\"WebSite\",\"@id\":\"https:\\\/\\\/bausba.com\\\/#website\",\"url\":\"https:\\\/\\\/bausba.com\\\/\",\"name\":\"Baus\",\"description\":\"Your home away from home &lt;3 Furnished apartment and corporate temporary rentals\",\"publisher\":{\"@id\":\"https:\\\/\\\/bausba.com\\\/#organization\"},\"potentialAction\":[{\"@type\":\"SearchAction\",\"target\":{\"@type\":\"EntryPoint\",\"urlTemplate\":\"https:\\\/\\\/bausba.com\\\/?s={search_term_string}\"},\"query-input\":{\"@type\":\"PropertyValueSpecification\",\"valueRequired\":true,\"valueName\":\"search_term_string\"}}],\"inLanguage\":\"es-AR\"},{\"@type\":\"Organization\",\"@id\":\"https:\\\/\\\/bausba.com\\\/#organization\",\"name\":\"BOGBA\",\"url\":\"https:\\\/\\\/bausba.com\\\/\",\"logo\":{\"@type\":\"ImageObject\",\"inLanguage\":\"es-AR\",\"@id\":\"https:\\\/\\\/bausba.com\\\/#\\\/schema\\\/logo\\\/image\\\/\",\"url\":\"https:\\\/\\\/www.bogba.com\\\/wp-content\\\/uploads\\\/2017\\\/04\\\/BOGBA-2017.png\",\"contentUrl\":\"https:\\\/\\\/www.bogba.com\\\/wp-content\\\/uploads\\\/2017\\\/04\\\/BOGBA-2017.png\",\"width\":588,\"height\":588,\"caption\":\"BOGBA\"},\"image\":{\"@id\":\"https:\\\/\\\/bausba.com\\\/#\\\/schema\\\/logo\\\/image\\\/\"},\"sameAs\":[\"https:\\\/\\\/www.facebook.com\\\/BeOurGuestBA\",\"https:\\\/\\\/x.com\\\/beourguest_ba\",\"https:\\\/\\\/www.instagram.com\\\/beourguest.ba\\\/\",\"https:\\\/\\\/www.linkedin.com\\\/organization\\\/24770421\"]}]}<\/script>\n<!-- \/ Yoast SEO plugin. -->","yoast_head_json":{"title":"Baus Premium Studios - Alley Recoleta","description":"Alley Recoleta - Hello Baus Buenos Aires - Premium apartments in the middle of Recolta in this unique building designed by AS Architecture","robots":{"index":"index","follow":"follow","max-snippet":"max-snippet:-1","max-image-preview":"max-image-preview:large","max-video-preview":"max-video-preview:-1"},"canonical":"https:\/\/bausba.com\/es\/alley-recoleta\/","og_locale":"es_ES","og_type":"article","og_title":"Baus Premium Studios - Alley Recoleta","og_description":"Alley Recoleta - Hello Baus Buenos Aires - Premium apartments in the middle of Recolta in this unique building designed by AS Architecture","og_url":"https:\/\/bausba.com\/es\/alley-recoleta\/","og_site_name":"Baus","article_publisher":"https:\/\/www.facebook.com\/BeOurGuestBA","article_modified_time":"2026-02-09T16:15:06+00:00","og_image":[{"url":"https:\/\/bausba.com\/wp-content\/uploads\/2024\/09\/DSC06167-scaled.jpg","type":"","width":"","height":""}],"twitter_card":"summary_large_image","twitter_site":"@beourguest_ba","twitter_misc":{"Tiempo de lectura":"4 minutos"},"schema":{"@context":"https:\/\/schema.org","@graph":[{"@type":"WebPage","@id":"https:\/\/bausba.com\/alley-recoleta\/","url":"https:\/\/bausba.com\/alley-recoleta\/","name":"Baus Premium Studios - Alley Recoleta","isPartOf":{"@id":"https:\/\/bausba.com\/#website"},"primaryImageOfPage":{"@id":"https:\/\/bausba.com\/alley-recoleta\/#primaryimage"},"image":{"@id":"https:\/\/bausba.com\/alley-recoleta\/#primaryimage"},"thumbnailUrl":"https:\/\/bausba.com\/wp-content\/uploads\/2024\/09\/DSC06167-scaled.jpg","datePublished":"2024-09-05T20:46:27+00:00","dateModified":"2026-02-09T16:15:06+00:00","description":"Alley Recoleta - Hello Baus Buenos Aires - Premium apartments in the middle of Recolta in this unique building designed by AS Architecture","breadcrumb":{"@id":"https:\/\/bausba.com\/alley-recoleta\/#breadcrumb"},"inLanguage":"es-AR","potentialAction":[{"@type":"ReadAction","target":["https:\/\/bausba.com\/alley-recoleta\/"]}]},{"@type":"ImageObject","inLanguage":"es-AR","@id":"https:\/\/bausba.com\/alley-recoleta\/#primaryimage","url":"https:\/\/bausba.com\/wp-content\/uploads\/2024\/09\/DSC06167-scaled.jpg","contentUrl":"https:\/\/bausba.com\/wp-content\/uploads\/2024\/09\/DSC06167-scaled.jpg"},{"@type":"BreadcrumbList","@id":"https:\/\/bausba.com\/alley-recoleta\/#breadcrumb","itemListElement":[{"@type":"ListItem","position":1,"name":"Home","item":"https:\/\/bausba.com\/"},{"@type":"ListItem","position":2,"name":"Alley Recoleta"}]},{"@type":"WebSite","@id":"https:\/\/bausba.com\/#website","url":"https:\/\/bausba.com\/","name":"Baus","description":"Your home away from home &lt;3 Furnished apartment and corporate temporary rentals","publisher":{"@id":"https:\/\/bausba.com\/#organization"},"potentialAction":[{"@type":"SearchAction","target":{"@type":"EntryPoint","urlTemplate":"https:\/\/bausba.com\/?s={search_term_string}"},"query-input":{"@type":"PropertyValueSpecification","valueRequired":true,"valueName":"search_term_string"}}],"inLanguage":"es-AR"},{"@type":"Organization","@id":"https:\/\/bausba.com\/#organization","name":"BOGBA","url":"https:\/\/bausba.com\/","logo":{"@type":"ImageObject","inLanguage":"es-AR","@id":"https:\/\/bausba.com\/#\/schema\/logo\/image\/","url":"https:\/\/www.bogba.com\/wp-content\/uploads\/2017\/04\/BOGBA-2017.png","contentUrl":"https:\/\/www.bogba.com\/wp-content\/uploads\/2017\/04\/BOGBA-2017.png","width":588,"height":588,"caption":"BOGBA"},"image":{"@id":"https:\/\/bausba.com\/#\/schema\/logo\/image\/"},"sameAs":["https:\/\/www.facebook.com\/BeOurGuestBA","https:\/\/x.com\/beourguest_ba","https:\/\/www.instagram.com\/beourguest.ba\/","https:\/\/www.linkedin.com\/organization\/24770421"]}]}},"_links":{"self":[{"href":"https:\/\/bausba.com\/es\/wp-json\/wp\/v2\/pages\/4538","targetHints":{"allow":["GET"]}}],"collection":[{"href":"https:\/\/bausba.com\/es\/wp-json\/wp\/v2\/pages"}],"about":[{"href":"https:\/\/bausba.com\/es\/wp-json\/wp\/v2\/types\/page"}],"author":[{"embeddable":true,"href":"https:\/\/bausba.com\/es\/wp-json\/wp\/v2\/users\/1"}],"replies":[{"embeddable":true,"href":"https:\/\/bausba.com\/es\/wp-json\/wp\/v2\/comments?post=4538"}],"version-history":[{"count":3,"href":"https:\/\/bausba.com\/es\/wp-json\/wp\/v2\/pages\/4538\/revisions"}],"predecessor-version":[{"id":4688,"href":"https:\/\/bausba.com\/es\/wp-json\/wp\/v2\/pages\/4538\/revisions\/4688"}],"wp:attachment":[{"href":"https:\/\/bausba.com\/es\/wp-json\/wp\/v2\/media?parent=4538"}],"curies":[{"name":"wp","href":"https:\/\/api.w.org\/{rel}","templated":true}]}}