{"id":3846,"date":"2020-05-12T21:22:51","date_gmt":"2020-05-12T21:22:51","guid":{"rendered":"https:\/\/www.bogba.com\/?page_id=3846"},"modified":"2020-05-12T21:36:16","modified_gmt":"2020-05-12T21:36:16","slug":"property-managment","status":"publish","type":"page","link":"https:\/\/bausba.com\/es\/property-managment\/","title":{"rendered":"Property managment"},"content":{"rendered":"<h1>Property managment for Temporary Rentals<\/h1>\n\t<p>We offer a complete administration service <\/p>\n<p>for\u00a0equipped\u00a0 apartments for <\/p>\n<p>estad\u00edas de 30 d\u00edas o m\u00e1s<\/p>\n\n\t<h2>Nuestros exclusivos ammenities<\/h2>\n\t\t\t\t<img fetchpriority=\"high\" decoding=\"async\" src=\"https:\/\/www.bogba.com\/wp-content\/uploads\/2020\/05\/3-3.jpg\" alt=\"Quality linnens\" itemprop=\"image\" height=\"500\" width=\"500\" title=\"3\" onerror=\"this.style.display='none'\"  \/>\n\t\tS\u00e1banas de calidad\n\t\t\t\t<img decoding=\"async\" src=\"https:\/\/www.bogba.com\/wp-content\/uploads\/2020\/05\/9-1.jpg\" alt=\"Cozy living spaces\" itemprop=\"image\" height=\"500\" width=\"500\" title=\"9\" onerror=\"this.style.display='none'\"  \/>\n\t\tEspacios de living\n\t\t\t\t<img decoding=\"async\" src=\"https:\/\/www.bogba.com\/wp-content\/uploads\/2020\/05\/7-1.jpg\" alt=\"Smart TVs\" itemprop=\"image\" height=\"500\" width=\"500\" title=\"7\" onerror=\"this.style.display='none'\"  \/>\n\t\tTV Smart\n\t\t\t\t<img loading=\"lazy\" decoding=\"async\" src=\"https:\/\/www.bogba.com\/wp-content\/uploads\/2020\/05\/8-1.jpg\" alt=\"Open outdoor spaces\" itemprop=\"image\" height=\"500\" width=\"500\" title=\"8\" onerror=\"this.style.display='none'\"  \/>\n\t\tEspacios al aire libre\n\t\t\t\t<img loading=\"lazy\" decoding=\"async\" src=\"https:\/\/www.bogba.com\/wp-content\/uploads\/2020\/05\/5-1.jpg\" alt=\"High Speed WIFI\" itemprop=\"image\" height=\"500\" width=\"500\" title=\"5\" onerror=\"this.style.display='none'\"  \/>\n\t\tInternet de Alta Velocidad\n\t\t\t\t<img loading=\"lazy\" decoding=\"async\" src=\"https:\/\/www.bogba.com\/wp-content\/uploads\/2020\/05\/2-4.jpg\" alt=\"Touchfull details\" itemprop=\"image\" height=\"500\" width=\"500\" title=\"2\" onerror=\"this.style.display='none'\"  \/>\n\t\tDetalles \u00fanicos\n\t\t\t\t<img loading=\"lazy\" decoding=\"async\" src=\"https:\/\/www.bogba.com\/wp-content\/uploads\/2020\/05\/10-1.jpg\" alt=\"Local guides &amp; tips\" itemprop=\"image\" height=\"500\" width=\"500\" title=\"10\" onerror=\"this.style.display='none'\"  \/>\n\t\tLocal guides &#038; tips\n\t\t\t\t<img loading=\"lazy\" decoding=\"async\" src=\"https:\/\/www.bogba.com\/wp-content\/uploads\/2020\/05\/12-1.jpg\" alt=\"Secure buildings\" itemprop=\"image\" height=\"500\" width=\"500\" title=\"12\" onerror=\"this.style.display='none'\"  \/>\n\t\tEdificios con Seguridad 24 hs\n\t\t\t\t<img loading=\"lazy\" decoding=\"async\" src=\"https:\/\/www.bogba.com\/wp-content\/uploads\/2020\/05\/11-1.jpg\" alt=\"Fully Equipped Kitchen\" itemprop=\"image\" height=\"500\" width=\"500\" title=\"11\" onerror=\"this.style.display='none'\"  \/>\n\t\tCocina equipada\n\t\t\t\t<img loading=\"lazy\" decoding=\"async\" src=\"https:\/\/www.bogba.com\/wp-content\/uploads\/2020\/05\/1-4.jpg\" alt=\"Coffee makers\" itemprop=\"image\" height=\"500\" width=\"500\" title=\"1\" onerror=\"this.style.display='none'\"  \/>\n\t\tCafetera\n\t\t\t\t<img loading=\"lazy\" decoding=\"async\" src=\"https:\/\/www.bogba.com\/wp-content\/uploads\/2020\/05\/4-1.jpg\" alt=\"Bathroom amenities\" itemprop=\"image\" height=\"500\" width=\"500\" title=\"4\" onerror=\"this.style.display='none'\"  \/>\n\t\tAmmenities\n\t\t\t\t<img loading=\"lazy\" decoding=\"async\" src=\"https:\/\/www.bogba.com\/wp-content\/uploads\/2020\/05\/6-1.jpg\" alt=\"High cleaning standards\" itemprop=\"image\" height=\"500\" width=\"500\" title=\"6\" onerror=\"this.style.display='none'\"  \/>\n\t\tAltos est\u00e1ndares de limpieza\n\t\t\t\t<img decoding=\"async\" src=\"https:\/\/www.bogba.com\/wp-content\/plugins\/beaver-builder-lite-version\/img\/pixel.png\" alt=\"\" itemprop=\"image\" onerror=\"this.style.display='none'\"  \/>\n\t<h2>Special homes selection<\/h2>\n\t<h3>Reach us to receive<\/h3>\n<h3>more information!<\/h3>\n\t<p>Business travel redefined<\/p>\n<p>Vamos m\u00e1s all\u00e1 de las habitaciones de hotel convencionales,<\/p>\n<p>con espacios de estilo para que puedas<\/p>\n<p>disfrutar mientras viajas.<\/p>\n\t\n<div class=\"wpcf7 no-js\" id=\"wpcf7-f3756-o1\" lang=\"en-US\" dir=\"ltr\" data-wpcf7-id=\"3756\">\n<div class=\"screen-reader-response\"><p role=\"status\" aria-live=\"polite\" aria-atomic=\"true\"><\/p> <ul><\/ul><\/div>\n<form action=\"\/es\/wp-json\/wp\/v2\/pages\/3846#wpcf7-f3756-o1\" method=\"post\" class=\"wpcf7-form init\" aria-label=\"Contact form\" novalidate=\"novalidate\" data-status=\"init\" data-trp-original-action=\"\/es\/wp-json\/wp\/v2\/pages\/3846#wpcf7-f3756-o1\">\n<fieldset class=\"hidden-fields-container\"><input type=\"hidden\" name=\"_wpcf7\" value=\"3756\" \/><input type=\"hidden\" name=\"_wpcf7_version\" value=\"6.1.5\" \/><input type=\"hidden\" name=\"_wpcf7_locale\" value=\"en_US\" \/><input type=\"hidden\" name=\"_wpcf7_unit_tag\" value=\"wpcf7-f3756-o1\" \/><input type=\"hidden\" name=\"_wpcf7_container_post\" value=\"0\" \/><input type=\"hidden\" name=\"_wpcf7_posted_data_hash\" value=\"\" \/>\n<\/fieldset>\n<p><label> Tu nombre (requerido)<br \/>\n<span class=\"wpcf7-form-control-wrap\" data-name=\"full-name\"><input size=\"40\" maxlength=\"400\" class=\"wpcf7-form-control wpcf7-text wpcf7-validates-as-required\" aria-required=\"true\" aria-invalid=\"false\" value=\"\" type=\"text\" name=\"full-name\" \/><\/span> <\/label>\n<\/p>\n<style>\n\n.green-text {\n\ncolor: #008000;\n\n}\n<\/style>\n<p><label> Tel\u00e9fono (requerido)<br \/>\n<span class=\"wpcf7-form-control-wrap\" data-name=\"Phone\"><input size=\"40\" maxlength=\"400\" class=\"wpcf7-form-control wpcf7-tel wpcf7-text wpcf7-validates-as-tel\" aria-invalid=\"false\" value=\"\" type=\"tel\" name=\"Phone\" \/><\/span> <\/label>\n<\/p>\n<p><label> Email (requerido)<br \/>\n<span class=\"wpcf7-form-control-wrap\" data-name=\"your-email\"><input size=\"40\" maxlength=\"400\" class=\"wpcf7-form-control wpcf7-email wpcf7-validates-as-required wpcf7-text wpcf7-validates-as-email\" aria-required=\"true\" aria-invalid=\"false\" value=\"\" type=\"email\" name=\"your-email\" \/><\/span> <\/label>\n<\/p>\n<p><label> Empresa (requerido)<br \/>\n<span class=\"wpcf7-form-control-wrap\" data-name=\"your-subject\"><input size=\"40\" maxlength=\"400\" class=\"wpcf7-form-control wpcf7-text\" aria-invalid=\"false\" value=\"\" type=\"text\" name=\"your-subject\" \/><\/span> <\/label>\n<\/p>\n<p><input class=\"wpcf7-form-control wpcf7-submit has-spinner\" type=\"submit\" value=\"ENVIAR\" \/>\n<\/p><div class=\"wpcf7-response-output\" aria-hidden=\"true\"><\/div>\n<input type=\"hidden\" name=\"trp-form-language\" value=\"es\"\/><\/form>\n<\/div>","protected":false},"excerpt":{"rendered":"<p>Property managment for Temporary Rentals We offer a complete administration service for\u00a0equipped\u00a0 apartments for stays of 30 days or longer Our unique amenities Quality linnens Cozy living spaces Smart TVs Open outdoor spaces High Speed WIFI Touchfull details Local guides &#038; tips Secure buildings Fully Equipped Kitchen Coffee makers Bathroom amenities High cleaning standards Special [&hellip;]<\/p>\n","protected":false},"author":1,"featured_media":0,"parent":0,"menu_order":0,"comment_status":"closed","ping_status":"closed","template":"full-width-page.php","meta":{"site-sidebar-layout":"default","site-content-layout":"","ast-site-content-layout":"default","site-content-style":"default","site-sidebar-style":"default","ast-global-header-display":"","ast-banner-title-visibility":"","ast-main-header-display":"","ast-hfb-above-header-display":"","ast-hfb-below-header-display":"","ast-hfb-mobile-header-display":"","site-post-title":"","ast-breadcrumbs-content":"","ast-featured-img":"","footer-sml-layout":"","ast-disable-related-posts":"","theme-transparent-header-meta":"","adv-header-id-meta":"","stick-header-meta":"","header-above-stick-meta":"","header-main-stick-meta":"","header-below-stick-meta":"","astra-migrate-meta-layouts":"default","ast-page-background-enabled":"default","ast-page-background-meta":{"desktop":{"background-color":"var(--ast-global-color-4)","background-image":"","background-repeat":"repeat","background-position":"center center","background-size":"auto","background-attachment":"scroll","background-type":"","background-media":"","overlay-type":"","overlay-color":"","overlay-opacity":"","overlay-gradient":""},"tablet":{"background-color":"","background-image":"","background-repeat":"repeat","background-position":"center center","background-size":"auto","background-attachment":"scroll","background-type":"","background-media":"","overlay-type":"","overlay-color":"","overlay-opacity":"","overlay-gradient":""},"mobile":{"background-color":"","background-image":"","background-repeat":"repeat","background-position":"center center","background-size":"auto","background-attachment":"scroll","background-type":"","background-media":"","overlay-type":"","overlay-color":"","overlay-opacity":"","overlay-gradient":""}},"ast-content-background-meta":{"desktop":{"background-color":"var(--ast-global-color-5)","background-image":"","background-repeat":"repeat","background-position":"center center","background-size":"auto","background-attachment":"scroll","background-type":"","background-media":"","overlay-type":"","overlay-color":"","overlay-opacity":"","overlay-gradient":""},"tablet":{"background-color":"var(--ast-global-color-5)","background-image":"","background-repeat":"repeat","background-position":"center center","background-size":"auto","background-attachment":"scroll","background-type":"","background-media":"","overlay-type":"","overlay-color":"","overlay-opacity":"","overlay-gradient":""},"mobile":{"background-color":"var(--ast-global-color-5)","background-image":"","background-repeat":"repeat","background-position":"center center","background-size":"auto","background-attachment":"scroll","background-type":"","background-media":"","overlay-type":"","overlay-color":"","overlay-opacity":"","overlay-gradient":""}},"_joinchat":[],"footnotes":""},"class_list":["post-3846","page","type-page","status-publish","hentry"],"yoast_head":"<!-- This site is optimized with the Yoast SEO plugin v27.5 - https:\/\/yoast.com\/product\/yoast-seo-wordpress\/ -->\n<title>BOGBA Buenos Aires - PROPERTY MANAGMENT<\/title>\n<meta name=\"description\" content=\"PROPERTY MANAGMENT - BOGBA Buenos Aires - We would to help! Feel free to send us an email and start renting your place with us\" \/>\n<meta name=\"robots\" content=\"index, follow, max-snippet:-1, max-image-preview:large, max-video-preview:-1\" \/>\n<link rel=\"canonical\" href=\"https:\/\/bausba.com\/es\/property-managment\/\" \/>\n<meta property=\"og:locale\" content=\"es_ES\" \/>\n<meta property=\"og:type\" content=\"article\" \/>\n<meta property=\"og:title\" content=\"BOGBA Buenos Aires - PROPERTY MANAGMENT\" \/>\n<meta property=\"og:description\" content=\"PROPERTY MANAGMENT - BOGBA Buenos Aires - We would to help! Feel free to send us an email and start renting your place with us\" \/>\n<meta property=\"og:url\" content=\"https:\/\/bausba.com\/es\/property-managment\/\" \/>\n<meta property=\"og:site_name\" content=\"Baus\" \/>\n<meta property=\"article:publisher\" content=\"https:\/\/www.facebook.com\/BeOurGuestBA\" \/>\n<meta property=\"article:modified_time\" content=\"2020-05-12T21:36:16+00:00\" \/>\n<meta property=\"og:image\" content=\"https:\/\/www.bogba.com\/wp-content\/uploads\/2020\/05\/3-3.jpg\" \/>\n<meta name=\"twitter:card\" content=\"summary_large_image\" \/>\n<meta name=\"twitter:site\" content=\"@beourguest_ba\" \/>\n<script type=\"application\/ld+json\" class=\"yoast-schema-graph\">{\"@context\":\"https:\\\/\\\/schema.org\",\"@graph\":[{\"@type\":\"WebPage\",\"@id\":\"https:\\\/\\\/bausba.com\\\/property-managment\\\/\",\"url\":\"https:\\\/\\\/bausba.com\\\/property-managment\\\/\",\"name\":\"BOGBA Buenos Aires - PROPERTY MANAGMENT\",\"isPartOf\":{\"@id\":\"https:\\\/\\\/bausba.com\\\/#website\"},\"primaryImageOfPage\":{\"@id\":\"https:\\\/\\\/bausba.com\\\/property-managment\\\/#primaryimage\"},\"image\":{\"@id\":\"https:\\\/\\\/bausba.com\\\/property-managment\\\/#primaryimage\"},\"thumbnailUrl\":\"https:\\\/\\\/www.bogba.com\\\/wp-content\\\/uploads\\\/2020\\\/05\\\/3-3.jpg\",\"datePublished\":\"2020-05-12T21:22:51+00:00\",\"dateModified\":\"2020-05-12T21:36:16+00:00\",\"description\":\"PROPERTY MANAGMENT - BOGBA Buenos Aires - We would to help! Feel free to send us an email and start renting your place with us\",\"breadcrumb\":{\"@id\":\"https:\\\/\\\/bausba.com\\\/property-managment\\\/#breadcrumb\"},\"inLanguage\":\"es-AR\",\"potentialAction\":[{\"@type\":\"ReadAction\",\"target\":[\"https:\\\/\\\/bausba.com\\\/property-managment\\\/\"]}]},{\"@type\":\"ImageObject\",\"inLanguage\":\"es-AR\",\"@id\":\"https:\\\/\\\/bausba.com\\\/property-managment\\\/#primaryimage\",\"url\":\"https:\\\/\\\/www.bogba.com\\\/wp-content\\\/uploads\\\/2020\\\/05\\\/3-3.jpg\",\"contentUrl\":\"https:\\\/\\\/www.bogba.com\\\/wp-content\\\/uploads\\\/2020\\\/05\\\/3-3.jpg\"},{\"@type\":\"BreadcrumbList\",\"@id\":\"https:\\\/\\\/bausba.com\\\/property-managment\\\/#breadcrumb\",\"itemListElement\":[{\"@type\":\"ListItem\",\"position\":1,\"name\":\"Home\",\"item\":\"https:\\\/\\\/bausba.com\\\/\"},{\"@type\":\"ListItem\",\"position\":2,\"name\":\"Property managment\"}]},{\"@type\":\"WebSite\",\"@id\":\"https:\\\/\\\/bausba.com\\\/#website\",\"url\":\"https:\\\/\\\/bausba.com\\\/\",\"name\":\"Baus\",\"description\":\"Your home away from home &lt;3 Furnished apartment and corporate temporary rentals\",\"publisher\":{\"@id\":\"https:\\\/\\\/bausba.com\\\/#organization\"},\"potentialAction\":[{\"@type\":\"SearchAction\",\"target\":{\"@type\":\"EntryPoint\",\"urlTemplate\":\"https:\\\/\\\/bausba.com\\\/?s={search_term_string}\"},\"query-input\":{\"@type\":\"PropertyValueSpecification\",\"valueRequired\":true,\"valueName\":\"search_term_string\"}}],\"inLanguage\":\"es-AR\"},{\"@type\":\"Organization\",\"@id\":\"https:\\\/\\\/bausba.com\\\/#organization\",\"name\":\"BOGBA\",\"url\":\"https:\\\/\\\/bausba.com\\\/\",\"logo\":{\"@type\":\"ImageObject\",\"inLanguage\":\"es-AR\",\"@id\":\"https:\\\/\\\/bausba.com\\\/#\\\/schema\\\/logo\\\/image\\\/\",\"url\":\"https:\\\/\\\/www.bogba.com\\\/wp-content\\\/uploads\\\/2017\\\/04\\\/BOGBA-2017.png\",\"contentUrl\":\"https:\\\/\\\/www.bogba.com\\\/wp-content\\\/uploads\\\/2017\\\/04\\\/BOGBA-2017.png\",\"width\":588,\"height\":588,\"caption\":\"BOGBA\"},\"image\":{\"@id\":\"https:\\\/\\\/bausba.com\\\/#\\\/schema\\\/logo\\\/image\\\/\"},\"sameAs\":[\"https:\\\/\\\/www.facebook.com\\\/BeOurGuestBA\",\"https:\\\/\\\/x.com\\\/beourguest_ba\",\"https:\\\/\\\/www.instagram.com\\\/beourguest.ba\\\/\",\"https:\\\/\\\/www.linkedin.com\\\/organization\\\/24770421\"]}]}<\/script>\n<!-- \/ Yoast SEO plugin. -->","yoast_head_json":{"title":"BOGBA Buenos Aires - PROPERTY MANAGMENT","description":"PROPERTY MANAGMENT - BOGBA Buenos Aires - We would to help! Feel free to send us an email and start renting your place with us","robots":{"index":"index","follow":"follow","max-snippet":"max-snippet:-1","max-image-preview":"max-image-preview:large","max-video-preview":"max-video-preview:-1"},"canonical":"https:\/\/bausba.com\/es\/property-managment\/","og_locale":"es_ES","og_type":"article","og_title":"BOGBA Buenos Aires - PROPERTY MANAGMENT","og_description":"PROPERTY MANAGMENT - BOGBA Buenos Aires - We would to help! Feel free to send us an email and start renting your place with us","og_url":"https:\/\/bausba.com\/es\/property-managment\/","og_site_name":"Baus","article_publisher":"https:\/\/www.facebook.com\/BeOurGuestBA","article_modified_time":"2020-05-12T21:36:16+00:00","og_image":[{"url":"https:\/\/www.bogba.com\/wp-content\/uploads\/2020\/05\/3-3.jpg","type":"","width":"","height":""}],"twitter_card":"summary_large_image","twitter_site":"@beourguest_ba","schema":{"@context":"https:\/\/schema.org","@graph":[{"@type":"WebPage","@id":"https:\/\/bausba.com\/property-managment\/","url":"https:\/\/bausba.com\/property-managment\/","name":"BOGBA Buenos Aires - PROPERTY MANAGMENT","isPartOf":{"@id":"https:\/\/bausba.com\/#website"},"primaryImageOfPage":{"@id":"https:\/\/bausba.com\/property-managment\/#primaryimage"},"image":{"@id":"https:\/\/bausba.com\/property-managment\/#primaryimage"},"thumbnailUrl":"https:\/\/www.bogba.com\/wp-content\/uploads\/2020\/05\/3-3.jpg","datePublished":"2020-05-12T21:22:51+00:00","dateModified":"2020-05-12T21:36:16+00:00","description":"PROPERTY MANAGMENT - BOGBA Buenos Aires - We would to help! Feel free to send us an email and start renting your place with us","breadcrumb":{"@id":"https:\/\/bausba.com\/property-managment\/#breadcrumb"},"inLanguage":"es-AR","potentialAction":[{"@type":"ReadAction","target":["https:\/\/bausba.com\/property-managment\/"]}]},{"@type":"ImageObject","inLanguage":"es-AR","@id":"https:\/\/bausba.com\/property-managment\/#primaryimage","url":"https:\/\/www.bogba.com\/wp-content\/uploads\/2020\/05\/3-3.jpg","contentUrl":"https:\/\/www.bogba.com\/wp-content\/uploads\/2020\/05\/3-3.jpg"},{"@type":"BreadcrumbList","@id":"https:\/\/bausba.com\/property-managment\/#breadcrumb","itemListElement":[{"@type":"ListItem","position":1,"name":"Home","item":"https:\/\/bausba.com\/"},{"@type":"ListItem","position":2,"name":"Property managment"}]},{"@type":"WebSite","@id":"https:\/\/bausba.com\/#website","url":"https:\/\/bausba.com\/","name":"Baus","description":"Your home away from home &lt;3 Furnished apartment and corporate temporary rentals","publisher":{"@id":"https:\/\/bausba.com\/#organization"},"potentialAction":[{"@type":"SearchAction","target":{"@type":"EntryPoint","urlTemplate":"https:\/\/bausba.com\/?s={search_term_string}"},"query-input":{"@type":"PropertyValueSpecification","valueRequired":true,"valueName":"search_term_string"}}],"inLanguage":"es-AR"},{"@type":"Organization","@id":"https:\/\/bausba.com\/#organization","name":"BOGBA","url":"https:\/\/bausba.com\/","logo":{"@type":"ImageObject","inLanguage":"es-AR","@id":"https:\/\/bausba.com\/#\/schema\/logo\/image\/","url":"https:\/\/www.bogba.com\/wp-content\/uploads\/2017\/04\/BOGBA-2017.png","contentUrl":"https:\/\/www.bogba.com\/wp-content\/uploads\/2017\/04\/BOGBA-2017.png","width":588,"height":588,"caption":"BOGBA"},"image":{"@id":"https:\/\/bausba.com\/#\/schema\/logo\/image\/"},"sameAs":["https:\/\/www.facebook.com\/BeOurGuestBA","https:\/\/x.com\/beourguest_ba","https:\/\/www.instagram.com\/beourguest.ba\/","https:\/\/www.linkedin.com\/organization\/24770421"]}]}},"_links":{"self":[{"href":"https:\/\/bausba.com\/es\/wp-json\/wp\/v2\/pages\/3846","targetHints":{"allow":["GET"]}}],"collection":[{"href":"https:\/\/bausba.com\/es\/wp-json\/wp\/v2\/pages"}],"about":[{"href":"https:\/\/bausba.com\/es\/wp-json\/wp\/v2\/types\/page"}],"author":[{"embeddable":true,"href":"https:\/\/bausba.com\/es\/wp-json\/wp\/v2\/users\/1"}],"replies":[{"embeddable":true,"href":"https:\/\/bausba.com\/es\/wp-json\/wp\/v2\/comments?post=3846"}],"version-history":[{"count":1,"href":"https:\/\/bausba.com\/es\/wp-json\/wp\/v2\/pages\/3846\/revisions"}],"predecessor-version":[{"id":3849,"href":"https:\/\/bausba.com\/es\/wp-json\/wp\/v2\/pages\/3846\/revisions\/3849"}],"wp:attachment":[{"href":"https:\/\/bausba.com\/es\/wp-json\/wp\/v2\/media?parent=3846"}],"curies":[{"name":"wp","href":"https:\/\/api.w.org\/{rel}","templated":true}]}}