{"id":3753,"date":"2020-05-11T17:25:24","date_gmt":"2020-05-11T17:25:24","guid":{"rendered":"https:\/\/www.bogba.com\/?page_id=3753"},"modified":"2026-02-06T21:15:56","modified_gmt":"2026-02-06T21:15:56","slug":"corporate-travels","status":"publish","type":"page","link":"https:\/\/bausba.com\/es\/corporate-travels\/","title":{"rendered":"CORPORATIVOS"},"content":{"rendered":"<h1>CORPORATE RENTALS EN BUENOS AIRES &amp; PUNTA DEL ESTE<\/h1>\n\t<p>Departamentos de dise\u00f1o \u00fanico, con espacio de trabajo y totalmente equipados, para estad\u00edas de 30 d\u00edas o m\u00e1s.<\/p>\n\t<h2>AMMENITIES EXCLUSIVOS<\/h2>\n<figure itemscope itemtype=\"https:\/\/schema.org\/ImageObject\">\n\t\t\t\t<img decoding=\"async\" src=\"https:\/\/www.bogba.com\/wp-content\/uploads\/2020\/05\/3-3.jpg\" alt=\"Quality linnens\" title=\"3\" onerror=\"this.style.display='none'\" loading=\"lazy\" \/>\n\t\t<figcaption>S\u00e1banas de calidad<\/figcaption>\n\t<\/figure>\n<figure itemscope itemtype=\"https:\/\/schema.org\/ImageObject\">\n\t\t\t\t<img decoding=\"async\" src=\"https:\/\/www.bogba.com\/wp-content\/uploads\/2020\/05\/9-1.jpg\" alt=\"Cozy living spaces\" title=\"9\" onerror=\"this.style.display='none'\" loading=\"lazy\" \/>\n\t\t<figcaption>Espacios de living<\/figcaption>\n\t<\/figure>\n<figure itemscope itemtype=\"https:\/\/schema.org\/ImageObject\">\n\t\t\t\t<img decoding=\"async\" src=\"https:\/\/www.bogba.com\/wp-content\/uploads\/2020\/05\/7-1.jpg\" alt=\"Smart TVs\" title=\"7\" onerror=\"this.style.display='none'\" loading=\"lazy\" \/>\n\t\t<figcaption>TV Smart<\/figcaption>\n\t<\/figure>\n<figure itemscope itemtype=\"https:\/\/schema.org\/ImageObject\">\n\t\t\t\t<img decoding=\"async\" src=\"https:\/\/www.bogba.com\/wp-content\/uploads\/2020\/05\/8-1.jpg\" alt=\"Open outdoor spaces\" title=\"8\" onerror=\"this.style.display='none'\" loading=\"lazy\" \/>\n\t\t<figcaption>Espacios al aire libre<\/figcaption>\n\t<\/figure>\n<figure itemscope itemtype=\"https:\/\/schema.org\/ImageObject\">\n\t\t\t\t<img decoding=\"async\" src=\"https:\/\/www.bogba.com\/wp-content\/uploads\/2020\/05\/5-1.jpg\" alt=\"High Speed WIFI\" title=\"5\" onerror=\"this.style.display='none'\" loading=\"lazy\" \/>\n\t\t<figcaption>Internet de Alta Velocidad<\/figcaption>\n\t<\/figure>\n<figure itemscope itemtype=\"https:\/\/schema.org\/ImageObject\">\n\t\t\t\t<img decoding=\"async\" src=\"https:\/\/www.bogba.com\/wp-content\/uploads\/2020\/05\/2-4.jpg\" alt=\"Touchfull details\" title=\"2\" onerror=\"this.style.display='none'\" loading=\"lazy\" \/>\n\t\t<figcaption>Detalles \u00fanicos<\/figcaption>\n\t<\/figure>\n<figure itemscope itemtype=\"https:\/\/schema.org\/ImageObject\">\n\t\t\t\t<img decoding=\"async\" src=\"https:\/\/www.bogba.com\/wp-content\/uploads\/2020\/05\/10-1.jpg\" alt=\"Local guides &amp; tips\" title=\"10\" onerror=\"this.style.display='none'\" loading=\"lazy\" \/>\n\t\t<figcaption>Gu\u00edas locales &amp; Tips<\/figcaption>\n\t<\/figure>\n<figure itemscope itemtype=\"https:\/\/schema.org\/ImageObject\">\n\t\t\t\t<img decoding=\"async\" src=\"https:\/\/www.bogba.com\/wp-content\/uploads\/2020\/05\/12-1.jpg\" alt=\"Secure buildings\" title=\"12\" onerror=\"this.style.display='none'\" loading=\"lazy\" \/>\n\t\t<figcaption>Edificios con Seguridad 24 hs<\/figcaption>\n\t<\/figure>\n<figure itemscope itemtype=\"https:\/\/schema.org\/ImageObject\">\n\t\t\t\t<img decoding=\"async\" src=\"https:\/\/www.bogba.com\/wp-content\/uploads\/2020\/05\/11-1.jpg\" alt=\"Fully Equipped Kitchen\" title=\"11\" onerror=\"this.style.display='none'\" loading=\"lazy\" \/>\n\t\t<figcaption>Cocina equipada<\/figcaption>\n\t<\/figure>\n<figure itemscope itemtype=\"https:\/\/schema.org\/ImageObject\">\n\t\t\t\t<img decoding=\"async\" src=\"https:\/\/www.bogba.com\/wp-content\/uploads\/2020\/05\/1-4.jpg\" alt=\"Coffee makers\" title=\"1\" onerror=\"this.style.display='none'\" loading=\"lazy\" \/>\n\t\t<figcaption>Cafetera<\/figcaption>\n\t<\/figure>\n<figure itemscope itemtype=\"https:\/\/schema.org\/ImageObject\">\n\t\t\t\t<img decoding=\"async\" src=\"https:\/\/www.bogba.com\/wp-content\/uploads\/2020\/05\/4-1.jpg\" alt=\"Bathroom amenities\" title=\"4\" onerror=\"this.style.display='none'\" loading=\"lazy\" \/>\n\t\t<figcaption>Ammenities<\/figcaption>\n\t<\/figure>\n<figure itemscope itemtype=\"https:\/\/schema.org\/ImageObject\">\n\t\t\t\t<img decoding=\"async\" src=\"https:\/\/www.bogba.com\/wp-content\/uploads\/2020\/05\/6-1.jpg\" alt=\"High cleaning standards\" title=\"6\" onerror=\"this.style.display='none'\" loading=\"lazy\" \/>\n\t\t<figcaption>Altos est\u00e1ndares de limpieza<\/figcaption>\n\t<\/figure>\n<figure itemscope itemtype=\"https:\/\/schema.org\/ImageObject\">\n\t\t\t\t<img decoding=\"async\" src=\"https:\/\/bausba.com\/wp-content\/plugins\/beaver-builder-lite-version\/img\/pixel.png\" alt=\"\" onerror=\"this.style.display='none'\" loading=\"lazy\" \/>\n\t<\/figure>\n\t<h2>BUSINESS TRAVEL REDIFINED<\/h2>\n\t<p>Super\u00e1 la experiencia de una habitaci\u00f3n de hotel con alojamientos c\u00f3modos, de dise\u00f1o y confiables, pensados para acompa\u00f1arte durante tus viajes.<\/p>\n<figure itemscope itemtype=\"https:\/\/schema.org\/ImageObject\">\n\t\t\t\t<img loading=\"lazy\" decoding=\"async\" src=\"https:\/\/bausba.com\/wp-content\/uploads\/2023\/03\/DSC00204-scaled.jpg\" alt=\"DSC00204\" height=\"1689\" width=\"2560\" title=\"DSC00204\" onerror=\"this.style.display='none'\" \/>\n\t\t\n\t<\/figure>\n<figure itemscope itemtype=\"https:\/\/schema.org\/ImageObject\">\n\t\t\t\t<img loading=\"lazy\" decoding=\"async\" src=\"https:\/\/bausba.com\/wp-content\/uploads\/2023\/03\/DSC02421-scaled.jpg\" alt=\"DSC02421\" height=\"1707\" width=\"2560\" title=\"DSC02421\" onerror=\"this.style.display='none'\" \/>\n\t\t\n\t<\/figure>\n<figure itemscope itemtype=\"https:\/\/schema.org\/ImageObject\">\n\t\t\t\t<img loading=\"lazy\" decoding=\"async\" src=\"https:\/\/bausba.com\/wp-content\/uploads\/2024\/08\/DSC05242-scaled.jpg\" alt=\"DSC05242\" height=\"1713\" width=\"2560\" title=\"DSC05242\" onerror=\"this.style.display='none'\" \/>\n\t\t\n\t<\/figure>\n<figure itemscope itemtype=\"https:\/\/schema.org\/ImageObject\">\n\t\t\t\t<img loading=\"lazy\" decoding=\"async\" src=\"https:\/\/bausba.com\/wp-content\/uploads\/2024\/09\/DSC06186-1-scaled.jpg\" alt=\"DSC06186\" height=\"1707\" width=\"2560\" title=\"DSC06186\" onerror=\"this.style.display='none'\" \/>\n\t\t\n\t<\/figure>\n<figure itemscope itemtype=\"https:\/\/schema.org\/ImageObject\">\n\t\t\t\t<img loading=\"lazy\" decoding=\"async\" src=\"https:\/\/bausba.com\/wp-content\/uploads\/2024\/08\/DSC05254-scaled.jpg\" alt=\"DSC05254\" height=\"1696\" width=\"2560\" title=\"DSC05254\" onerror=\"this.style.display='none'\" \/>\n\t\t\n\t<\/figure>\n<figure itemscope itemtype=\"https:\/\/schema.org\/ImageObject\">\n\t\t\t\t<img loading=\"lazy\" decoding=\"async\" src=\"https:\/\/bausba.com\/wp-content\/uploads\/2024\/09\/DSC06167-scaled.jpg\" alt=\"Alley Recoleta\" height=\"1634\" width=\"2560\" title=\"Alley Recoleta\" onerror=\"this.style.display='none'\" \/>\n\t\t\n\t<\/figure>\n\t<p>PARA M\u00c1S INFORMACI\u00d3N<\/p>\n\t\n<div class=\"wpcf7 no-js\" id=\"wpcf7-f3756-o1\" lang=\"en-US\" dir=\"ltr\" data-wpcf7-id=\"3756\">\n<div class=\"screen-reader-response\"><p role=\"status\" aria-live=\"polite\" aria-atomic=\"true\"><\/p> <ul><\/ul><\/div>\n<form action=\"\/es\/wp-json\/wp\/v2\/pages\/3753#wpcf7-f3756-o1\" method=\"post\" class=\"wpcf7-form init\" aria-label=\"Contact form\" novalidate=\"novalidate\" data-status=\"init\" data-trp-original-action=\"\/es\/wp-json\/wp\/v2\/pages\/3753#wpcf7-f3756-o1\">\n<fieldset class=\"hidden-fields-container\"><input type=\"hidden\" name=\"_wpcf7\" value=\"3756\" \/><input type=\"hidden\" name=\"_wpcf7_version\" value=\"6.1.5\" \/><input type=\"hidden\" name=\"_wpcf7_locale\" value=\"en_US\" \/><input type=\"hidden\" name=\"_wpcf7_unit_tag\" value=\"wpcf7-f3756-o1\" \/><input type=\"hidden\" name=\"_wpcf7_container_post\" value=\"0\" \/><input type=\"hidden\" name=\"_wpcf7_posted_data_hash\" value=\"\" \/>\n<\/fieldset>\n<p><label> Tu nombre (requerido)<br \/>\n<span class=\"wpcf7-form-control-wrap\" data-name=\"full-name\"><input size=\"40\" maxlength=\"400\" class=\"wpcf7-form-control wpcf7-text wpcf7-validates-as-required\" aria-required=\"true\" aria-invalid=\"false\" value=\"\" type=\"text\" name=\"full-name\" \/><\/span> <\/label>\n<\/p>\n<style>\n\n.green-text {\n\ncolor: #008000;\n\n}\n<\/style>\n<p><label> Tel\u00e9fono (requerido)<br \/>\n<span class=\"wpcf7-form-control-wrap\" data-name=\"Phone\"><input size=\"40\" maxlength=\"400\" class=\"wpcf7-form-control wpcf7-tel wpcf7-text wpcf7-validates-as-tel\" aria-invalid=\"false\" value=\"\" type=\"tel\" name=\"Phone\" \/><\/span> <\/label>\n<\/p>\n<p><label> Email (requerido)<br \/>\n<span class=\"wpcf7-form-control-wrap\" data-name=\"your-email\"><input size=\"40\" maxlength=\"400\" class=\"wpcf7-form-control wpcf7-email wpcf7-validates-as-required wpcf7-text wpcf7-validates-as-email\" aria-required=\"true\" aria-invalid=\"false\" value=\"\" type=\"email\" name=\"your-email\" \/><\/span> <\/label>\n<\/p>\n<p><label> Empresa (requerido)<br \/>\n<span class=\"wpcf7-form-control-wrap\" data-name=\"your-subject\"><input size=\"40\" maxlength=\"400\" class=\"wpcf7-form-control wpcf7-text\" aria-invalid=\"false\" value=\"\" type=\"text\" name=\"your-subject\" \/><\/span> <\/label>\n<\/p>\n<p><input class=\"wpcf7-form-control wpcf7-submit has-spinner\" type=\"submit\" value=\"ENVIAR\" \/>\n<\/p><div class=\"wpcf7-response-output\" aria-hidden=\"true\"><\/div>\n<input type=\"hidden\" name=\"trp-form-language\" value=\"es\"\/><\/form>\n<\/div>","protected":false},"excerpt":{"rendered":"<p>CORPORATE RENTALS EN BUENOS AIRES &amp; PUNTA DEL ESTE Departamentos de dise\u00f1o \u00fanico, con espacio de trabajo y totalmente equipados, para estad\u00edas de 30 d\u00edas o m\u00e1s. AMMENITIES EXCLUSIVOS Quality linnens Cozy living spaces Smart TVs Open outdoor spaces High Speed WIFI Touchfull details Local guides &amp; tips Secure buildings Fully Equipped Kitchen Coffee makers [&hellip;]<\/p>\n","protected":false},"author":1,"featured_media":0,"parent":0,"menu_order":0,"comment_status":"closed","ping_status":"closed","template":"full-width-page.php","meta":{"site-sidebar-layout":"default","site-content-layout":"","ast-site-content-layout":"default","site-content-style":"default","site-sidebar-style":"default","ast-global-header-display":"","ast-banner-title-visibility":"","ast-main-header-display":"","ast-hfb-above-header-display":"","ast-hfb-below-header-display":"","ast-hfb-mobile-header-display":"","site-post-title":"","ast-breadcrumbs-content":"","ast-featured-img":"","footer-sml-layout":"","ast-disable-related-posts":"","theme-transparent-header-meta":"","adv-header-id-meta":"","stick-header-meta":"","header-above-stick-meta":"","header-main-stick-meta":"","header-below-stick-meta":"","astra-migrate-meta-layouts":"default","ast-page-background-enabled":"default","ast-page-background-meta":{"desktop":{"background-color":"var(--ast-global-color-4)","background-image":"","background-repeat":"repeat","background-position":"center center","background-size":"auto","background-attachment":"scroll","background-type":"","background-media":"","overlay-type":"","overlay-color":"","overlay-opacity":"","overlay-gradient":""},"tablet":{"background-color":"","background-image":"","background-repeat":"repeat","background-position":"center center","background-size":"auto","background-attachment":"scroll","background-type":"","background-media":"","overlay-type":"","overlay-color":"","overlay-opacity":"","overlay-gradient":""},"mobile":{"background-color":"","background-image":"","background-repeat":"repeat","background-position":"center center","background-size":"auto","background-attachment":"scroll","background-type":"","background-media":"","overlay-type":"","overlay-color":"","overlay-opacity":"","overlay-gradient":""}},"ast-content-background-meta":{"desktop":{"background-color":"var(--ast-global-color-5)","background-image":"","background-repeat":"repeat","background-position":"center center","background-size":"auto","background-attachment":"scroll","background-type":"","background-media":"","overlay-type":"","overlay-color":"","overlay-opacity":"","overlay-gradient":""},"tablet":{"background-color":"var(--ast-global-color-5)","background-image":"","background-repeat":"repeat","background-position":"center center","background-size":"auto","background-attachment":"scroll","background-type":"","background-media":"","overlay-type":"","overlay-color":"","overlay-opacity":"","overlay-gradient":""},"mobile":{"background-color":"var(--ast-global-color-5)","background-image":"","background-repeat":"repeat","background-position":"center center","background-size":"auto","background-attachment":"scroll","background-type":"","background-media":"","overlay-type":"","overlay-color":"","overlay-opacity":"","overlay-gradient":""}},"_joinchat":[],"footnotes":""},"class_list":["post-3753","page","type-page","status-publish","hentry"],"yoast_head":"<!-- This site is optimized with the Yoast SEO plugin v27.5 - https:\/\/yoast.com\/product\/yoast-seo-wordpress\/ -->\n<title>BOGBA Buenos Aires - Corporate travelers and employees<\/title>\n<meta name=\"description\" content=\"CORPORATE TRAVELS - BOGBA Buenos Aires - We would to help! Feel free to send us an email and start booking for your employees\" \/>\n<meta name=\"robots\" content=\"index, follow, max-snippet:-1, max-image-preview:large, max-video-preview:-1\" \/>\n<link rel=\"canonical\" href=\"https:\/\/bausba.com\/es\/corporate-travels\/\" \/>\n<meta property=\"og:locale\" content=\"es_ES\" \/>\n<meta property=\"og:type\" content=\"article\" \/>\n<meta property=\"og:title\" content=\"BOGBA Buenos Aires - Corporate travelers and employees\" \/>\n<meta property=\"og:description\" content=\"CORPORATE TRAVELS - BOGBA Buenos Aires - We would to help! Feel free to send us an email and start booking for your employees\" \/>\n<meta property=\"og:url\" content=\"https:\/\/bausba.com\/es\/corporate-travels\/\" \/>\n<meta property=\"og:site_name\" content=\"Baus\" \/>\n<meta property=\"article:publisher\" content=\"https:\/\/www.facebook.com\/BeOurGuestBA\" \/>\n<meta property=\"article:modified_time\" content=\"2026-02-06T21:15:56+00:00\" \/>\n<meta property=\"og:image\" content=\"https:\/\/www.bogba.com\/wp-content\/uploads\/2020\/05\/3-3.jpg\" \/>\n<meta name=\"twitter:card\" content=\"summary_large_image\" \/>\n<meta name=\"twitter:site\" content=\"@beourguest_ba\" \/>\n<meta name=\"twitter:label1\" content=\"Tiempo de lectura\" \/>\n\t<meta name=\"twitter:data1\" content=\"1 minuto\" \/>\n<script type=\"application\/ld+json\" class=\"yoast-schema-graph\">{\"@context\":\"https:\\\/\\\/schema.org\",\"@graph\":[{\"@type\":\"WebPage\",\"@id\":\"https:\\\/\\\/bausba.com\\\/corporate-travels\\\/\",\"url\":\"https:\\\/\\\/bausba.com\\\/corporate-travels\\\/\",\"name\":\"BOGBA Buenos Aires - Corporate travelers and employees\",\"isPartOf\":{\"@id\":\"https:\\\/\\\/bausba.com\\\/#website\"},\"primaryImageOfPage\":{\"@id\":\"https:\\\/\\\/bausba.com\\\/corporate-travels\\\/#primaryimage\"},\"image\":{\"@id\":\"https:\\\/\\\/bausba.com\\\/corporate-travels\\\/#primaryimage\"},\"thumbnailUrl\":\"https:\\\/\\\/www.bogba.com\\\/wp-content\\\/uploads\\\/2020\\\/05\\\/3-3.jpg\",\"datePublished\":\"2020-05-11T17:25:24+00:00\",\"dateModified\":\"2026-02-06T21:15:56+00:00\",\"description\":\"CORPORATE TRAVELS - BOGBA Buenos Aires - We would to help! Feel free to send us an email and start booking for your employees\",\"breadcrumb\":{\"@id\":\"https:\\\/\\\/bausba.com\\\/corporate-travels\\\/#breadcrumb\"},\"inLanguage\":\"es-AR\",\"potentialAction\":[{\"@type\":\"ReadAction\",\"target\":[\"https:\\\/\\\/bausba.com\\\/corporate-travels\\\/\"]}]},{\"@type\":\"ImageObject\",\"inLanguage\":\"es-AR\",\"@id\":\"https:\\\/\\\/bausba.com\\\/corporate-travels\\\/#primaryimage\",\"url\":\"https:\\\/\\\/www.bogba.com\\\/wp-content\\\/uploads\\\/2020\\\/05\\\/3-3.jpg\",\"contentUrl\":\"https:\\\/\\\/www.bogba.com\\\/wp-content\\\/uploads\\\/2020\\\/05\\\/3-3.jpg\"},{\"@type\":\"BreadcrumbList\",\"@id\":\"https:\\\/\\\/bausba.com\\\/corporate-travels\\\/#breadcrumb\",\"itemListElement\":[{\"@type\":\"ListItem\",\"position\":1,\"name\":\"Home\",\"item\":\"https:\\\/\\\/bausba.com\\\/\"},{\"@type\":\"ListItem\",\"position\":2,\"name\":\"Corporate Travels\"}]},{\"@type\":\"WebSite\",\"@id\":\"https:\\\/\\\/bausba.com\\\/#website\",\"url\":\"https:\\\/\\\/bausba.com\\\/\",\"name\":\"Baus\",\"description\":\"Your home away from home &lt;3 Furnished apartment and corporate temporary rentals\",\"publisher\":{\"@id\":\"https:\\\/\\\/bausba.com\\\/#organization\"},\"potentialAction\":[{\"@type\":\"SearchAction\",\"target\":{\"@type\":\"EntryPoint\",\"urlTemplate\":\"https:\\\/\\\/bausba.com\\\/?s={search_term_string}\"},\"query-input\":{\"@type\":\"PropertyValueSpecification\",\"valueRequired\":true,\"valueName\":\"search_term_string\"}}],\"inLanguage\":\"es-AR\"},{\"@type\":\"Organization\",\"@id\":\"https:\\\/\\\/bausba.com\\\/#organization\",\"name\":\"BOGBA\",\"url\":\"https:\\\/\\\/bausba.com\\\/\",\"logo\":{\"@type\":\"ImageObject\",\"inLanguage\":\"es-AR\",\"@id\":\"https:\\\/\\\/bausba.com\\\/#\\\/schema\\\/logo\\\/image\\\/\",\"url\":\"https:\\\/\\\/www.bogba.com\\\/wp-content\\\/uploads\\\/2017\\\/04\\\/BOGBA-2017.png\",\"contentUrl\":\"https:\\\/\\\/www.bogba.com\\\/wp-content\\\/uploads\\\/2017\\\/04\\\/BOGBA-2017.png\",\"width\":588,\"height\":588,\"caption\":\"BOGBA\"},\"image\":{\"@id\":\"https:\\\/\\\/bausba.com\\\/#\\\/schema\\\/logo\\\/image\\\/\"},\"sameAs\":[\"https:\\\/\\\/www.facebook.com\\\/BeOurGuestBA\",\"https:\\\/\\\/x.com\\\/beourguest_ba\",\"https:\\\/\\\/www.instagram.com\\\/beourguest.ba\\\/\",\"https:\\\/\\\/www.linkedin.com\\\/organization\\\/24770421\"]}]}<\/script>\n<!-- \/ Yoast SEO plugin. -->","yoast_head_json":{"title":"BOGBA Buenos Aires - Corporate travelers and employees","description":"CORPORATE TRAVELS - BOGBA Buenos Aires - We would to help! Feel free to send us an email and start booking for your employees","robots":{"index":"index","follow":"follow","max-snippet":"max-snippet:-1","max-image-preview":"max-image-preview:large","max-video-preview":"max-video-preview:-1"},"canonical":"https:\/\/bausba.com\/es\/corporate-travels\/","og_locale":"es_ES","og_type":"article","og_title":"BOGBA Buenos Aires - Corporate travelers and employees","og_description":"CORPORATE TRAVELS - BOGBA Buenos Aires - We would to help! Feel free to send us an email and start booking for your employees","og_url":"https:\/\/bausba.com\/es\/corporate-travels\/","og_site_name":"Baus","article_publisher":"https:\/\/www.facebook.com\/BeOurGuestBA","article_modified_time":"2026-02-06T21:15:56+00:00","og_image":[{"url":"https:\/\/www.bogba.com\/wp-content\/uploads\/2020\/05\/3-3.jpg","type":"","width":"","height":""}],"twitter_card":"summary_large_image","twitter_site":"@beourguest_ba","twitter_misc":{"Tiempo de lectura":"1 minuto"},"schema":{"@context":"https:\/\/schema.org","@graph":[{"@type":"WebPage","@id":"https:\/\/bausba.com\/corporate-travels\/","url":"https:\/\/bausba.com\/corporate-travels\/","name":"BOGBA Buenos Aires - Corporate travelers and employees","isPartOf":{"@id":"https:\/\/bausba.com\/#website"},"primaryImageOfPage":{"@id":"https:\/\/bausba.com\/corporate-travels\/#primaryimage"},"image":{"@id":"https:\/\/bausba.com\/corporate-travels\/#primaryimage"},"thumbnailUrl":"https:\/\/www.bogba.com\/wp-content\/uploads\/2020\/05\/3-3.jpg","datePublished":"2020-05-11T17:25:24+00:00","dateModified":"2026-02-06T21:15:56+00:00","description":"CORPORATE TRAVELS - BOGBA Buenos Aires - We would to help! Feel free to send us an email and start booking for your employees","breadcrumb":{"@id":"https:\/\/bausba.com\/corporate-travels\/#breadcrumb"},"inLanguage":"es-AR","potentialAction":[{"@type":"ReadAction","target":["https:\/\/bausba.com\/corporate-travels\/"]}]},{"@type":"ImageObject","inLanguage":"es-AR","@id":"https:\/\/bausba.com\/corporate-travels\/#primaryimage","url":"https:\/\/www.bogba.com\/wp-content\/uploads\/2020\/05\/3-3.jpg","contentUrl":"https:\/\/www.bogba.com\/wp-content\/uploads\/2020\/05\/3-3.jpg"},{"@type":"BreadcrumbList","@id":"https:\/\/bausba.com\/corporate-travels\/#breadcrumb","itemListElement":[{"@type":"ListItem","position":1,"name":"Home","item":"https:\/\/bausba.com\/"},{"@type":"ListItem","position":2,"name":"Corporate Travels"}]},{"@type":"WebSite","@id":"https:\/\/bausba.com\/#website","url":"https:\/\/bausba.com\/","name":"Baus","description":"Your home away from home &lt;3 Furnished apartment and corporate temporary rentals","publisher":{"@id":"https:\/\/bausba.com\/#organization"},"potentialAction":[{"@type":"SearchAction","target":{"@type":"EntryPoint","urlTemplate":"https:\/\/bausba.com\/?s={search_term_string}"},"query-input":{"@type":"PropertyValueSpecification","valueRequired":true,"valueName":"search_term_string"}}],"inLanguage":"es-AR"},{"@type":"Organization","@id":"https:\/\/bausba.com\/#organization","name":"BOGBA","url":"https:\/\/bausba.com\/","logo":{"@type":"ImageObject","inLanguage":"es-AR","@id":"https:\/\/bausba.com\/#\/schema\/logo\/image\/","url":"https:\/\/www.bogba.com\/wp-content\/uploads\/2017\/04\/BOGBA-2017.png","contentUrl":"https:\/\/www.bogba.com\/wp-content\/uploads\/2017\/04\/BOGBA-2017.png","width":588,"height":588,"caption":"BOGBA"},"image":{"@id":"https:\/\/bausba.com\/#\/schema\/logo\/image\/"},"sameAs":["https:\/\/www.facebook.com\/BeOurGuestBA","https:\/\/x.com\/beourguest_ba","https:\/\/www.instagram.com\/beourguest.ba\/","https:\/\/www.linkedin.com\/organization\/24770421"]}]}},"_links":{"self":[{"href":"https:\/\/bausba.com\/es\/wp-json\/wp\/v2\/pages\/3753","targetHints":{"allow":["GET"]}}],"collection":[{"href":"https:\/\/bausba.com\/es\/wp-json\/wp\/v2\/pages"}],"about":[{"href":"https:\/\/bausba.com\/es\/wp-json\/wp\/v2\/types\/page"}],"author":[{"embeddable":true,"href":"https:\/\/bausba.com\/es\/wp-json\/wp\/v2\/users\/1"}],"replies":[{"embeddable":true,"href":"https:\/\/bausba.com\/es\/wp-json\/wp\/v2\/comments?post=3753"}],"version-history":[{"count":11,"href":"https:\/\/bausba.com\/es\/wp-json\/wp\/v2\/pages\/3753\/revisions"}],"predecessor-version":[{"id":4657,"href":"https:\/\/bausba.com\/es\/wp-json\/wp\/v2\/pages\/3753\/revisions\/4657"}],"wp:attachment":[{"href":"https:\/\/bausba.com\/es\/wp-json\/wp\/v2\/media?parent=3753"}],"curies":[{"name":"wp","href":"https:\/\/api.w.org\/{rel}","templated":true}]}}