{"id":2622,"date":"2019-04-01T22:15:16","date_gmt":"2019-04-01T22:15:16","guid":{"rendered":"https:\/\/www.bogba.com\/?page_id=2622"},"modified":"2019-04-01T22:34:54","modified_gmt":"2019-04-01T22:34:54","slug":"acerca-de-nosotros","status":"publish","type":"page","link":"https:\/\/bausba.com\/es\/acerca-de-nosotros\/","title":{"rendered":"Acerca de Nosotros"},"content":{"rendered":"<h1><strong>Acerca de Nosotros &#8211; BOGBA<\/strong><\/h1>\n<p>En Be Our Guest Buenos Aires contamos con departamentos temporarios y amueblados en Buenos Aires. <a href=\"..\/about-us\/\">About us<\/a><\/p>\n<p>Ubicados en zonas tur\u00edsticas y estrat\u00e9gicas alrededor de toda la ciudad. Nuestro objetivo es proveer departamentos de calidad y equipados, para que nuestros hu\u00e9spes disfruten de sus estad\u00edas.<\/p>\n<p>Nuestros departamentos se encuentran en algunos de los mejores barrios: Monserrat, San Telmo, Palermo, Belgrano, Vicente Lopez y Recoleta.<\/p>\n<p>Nuestro contacto directo con nuestros hu\u00e9spedes en todos sus pedidos, antes durante y depu\u00e9s de sus estad\u00edas (consultas, reservas, formas de pago, check in, check out, lugares a visitar y c\u00f3mo moverse, entre otras consultas) har\u00e1n que sientan que realizaron una excelente elecci\u00f3n del mejor lugar para hospedarse.<\/p>\n<p>Somos una agencia de alquileres temporarios y vacacionales en Buenos Aires, Argentina. Todos nuestros departamentos se encuentran en lugares estrat\u00e9gicos de la ciudad, con incre\u00edebles vistas, de f\u00e1cil acceso y un estilo \u00fanico que hace de nuestros espacios la mejor opci\u00f3n para tus viajes. Contamos con studios, departamentos de un dormitorio, y de dos dormitorios totalmente privados y equipados, en los mejores barrios:\u00a0 Palermo, Recoleta, San Telmo, Monserrat, Belgrano y Vicente Lopez para estad\u00edas por noche, semana, mes y por largo plazo. WIFI de alta velocidad, TV con cable, A\/C y cocina equipada son algunos de los servicios que tienen nuestros departamentos, adem\u00e1s de limpieza semanal.<\/p>\n<p>Nuestro objetivo es hacer que nuestros huespedes disfruten su estad\u00eda como si estuvieran en su propia casa, y que vivan una experiencia \u00fanica con un servicio personalizado, en espacios de calidad y dise\u00f1o.<\/p>\n<a href=\"https:\/\/www.airbnb.mx\/users\/show\/13834947\">Evaluaciones<\/a> <iframe src=\"https:\/\/www.airbnb.mx\/embeddable\/review_button?eb=1552873435_BsrlxMMawL%2Bg7iyc&amp;embed-source-type=badge_center&amp;eu=2Ov1FyWQm%2FbiF40rQ4b%2BF1JRPVEJyZIVhSL1fFgRdrmK7xlfpsw%2FaVew9sl3%20Vzg7dxdZzZ0f2pXA81SiPy8S3rflZW%2Bh9mtADfOKWJG7Z4CkQBEbQ8%2FHFHpR%20Mwx%2FskdxNzLU%2F1JRpOMrl8oW4V4%2FRBCv3KC9e9AwLS%2FtBBqlSVDosBW1EkdK%20itPo%2BRjjduY%2FlsdDCyi%2B9qiCnTUWyKyuKCLlfWG1A8iM8SnktNdl9DpgAPYW%20J%2BM8J8z8SyKAaTEhspmfIcwOUGf3Mt5SOwbKqxdAhi1p%2FRzeBUCBDCXMgXp6%20KexIFgN5qtPKrIlvCIu%2BG6N2hnwq%2BtLetAuWNbUWjw%3D%3D%20&amp;externalPageUrl=https%3A%2F%2Fwww.bogba.com%2Facerca-de-nosotros%2F%3Ffl_builder&amp;review-count=526&amp;trigger-source-type=badge_center&amp;user-id=13834947#%7B%22frameId%22%3A1%2C%22tracking_PageUrl%22%3A%22https%3A%2F%2Fwww.bogba.com%2Facerca-de-nosotros%2F%3Ffl_builder%22%2C%22tracking_widgetName%22%3A%22review_button%22%7D\" frameborder=\"0\"><\/iframe>\n\t<p>&nbsp;<\/p>\n<p>&nbsp;<\/p>\n<p><img decoding=\"async\" src=\"https:\/\/media.giphy.com\/media\/l0Iy7RVQowIrbr4uQ\/giphy.gif\" alt=\"\" width=\"132\" height=\"175\" \/><\/p>\n<p><strong>Joaqu\u00edn Guzm\u00e1n Bengolea<\/strong><\/p>\n<p>Director<\/p>\n<p>joaquin@bogba.com<\/p>\n<p>ph: (+54911) 3352 1086<\/p>","protected":false},"excerpt":{"rendered":"<p>Acerca de Nosotros &#8211; BOGBA En Be Our Guest Buenos Aires contamos con departamentos temporarios y amueblados en Buenos Aires. About us Ubicados en zonas tur\u00edsticas y estrat\u00e9gicas alrededor de toda la ciudad. Nuestro objetivo es proveer departamentos de calidad y equipados, para que nuestros hu\u00e9spes disfruten de sus estad\u00edas. Nuestros departamentos se encuentran en [&hellip;]<\/p>\n","protected":false},"author":1,"featured_media":0,"parent":0,"menu_order":0,"comment_status":"closed","ping_status":"closed","template":"full-width-page.php","meta":{"site-sidebar-layout":"default","site-content-layout":"","ast-site-content-layout":"default","site-content-style":"default","site-sidebar-style":"default","ast-global-header-display":"","ast-banner-title-visibility":"","ast-main-header-display":"","ast-hfb-above-header-display":"","ast-hfb-below-header-display":"","ast-hfb-mobile-header-display":"","site-post-title":"","ast-breadcrumbs-content":"","ast-featured-img":"","footer-sml-layout":"","ast-disable-related-posts":"","theme-transparent-header-meta":"","adv-header-id-meta":"","stick-header-meta":"","header-above-stick-meta":"","header-main-stick-meta":"","header-below-stick-meta":"","astra-migrate-meta-layouts":"default","ast-page-background-enabled":"default","ast-page-background-meta":{"desktop":{"background-color":"var(--ast-global-color-4)","background-image":"","background-repeat":"repeat","background-position":"center center","background-size":"auto","background-attachment":"scroll","background-type":"","background-media":"","overlay-type":"","overlay-color":"","overlay-opacity":"","overlay-gradient":""},"tablet":{"background-color":"","background-image":"","background-repeat":"repeat","background-position":"center center","background-size":"auto","background-attachment":"scroll","background-type":"","background-media":"","overlay-type":"","overlay-color":"","overlay-opacity":"","overlay-gradient":""},"mobile":{"background-color":"","background-image":"","background-repeat":"repeat","background-position":"center center","background-size":"auto","background-attachment":"scroll","background-type":"","background-media":"","overlay-type":"","overlay-color":"","overlay-opacity":"","overlay-gradient":""}},"ast-content-background-meta":{"desktop":{"background-color":"var(--ast-global-color-5)","background-image":"","background-repeat":"repeat","background-position":"center center","background-size":"auto","background-attachment":"scroll","background-type":"","background-media":"","overlay-type":"","overlay-color":"","overlay-opacity":"","overlay-gradient":""},"tablet":{"background-color":"var(--ast-global-color-5)","background-image":"","background-repeat":"repeat","background-position":"center center","background-size":"auto","background-attachment":"scroll","background-type":"","background-media":"","overlay-type":"","overlay-color":"","overlay-opacity":"","overlay-gradient":""},"mobile":{"background-color":"var(--ast-global-color-5)","background-image":"","background-repeat":"repeat","background-position":"center center","background-size":"auto","background-attachment":"scroll","background-type":"","background-media":"","overlay-type":"","overlay-color":"","overlay-opacity":"","overlay-gradient":""}},"_joinchat":[],"footnotes":""},"class_list":["post-2622","page","type-page","status-publish","hentry"],"yoast_head":"<!-- This site is optimized with the Yoast SEO plugin v27.5 - https:\/\/yoast.com\/product\/yoast-seo-wordpress\/ -->\n<title>Acerca de Nosotros: BOGBA - Departamentos temporarios<\/title>\n<meta name=\"description\" content=\"Acerca de Nosotros: BOGBA Buenos Aires cuenta con una gran variedad de apartamentos temporarios, completamente equipados y ubicados en los mejores barrios de la ciudad.\" \/>\n<meta name=\"robots\" content=\"index, follow, max-snippet:-1, max-image-preview:large, max-video-preview:-1\" \/>\n<link rel=\"canonical\" href=\"https:\/\/bausba.com\/es\/acerca-de-nosotros\/\" \/>\n<meta property=\"og:locale\" content=\"es_ES\" \/>\n<meta property=\"og:type\" content=\"article\" \/>\n<meta property=\"og:title\" content=\"Acerca de Nosotros: BOGBA - Departamentos temporarios\" \/>\n<meta property=\"og:description\" content=\"Acerca de Nosotros: BOGBA Buenos Aires cuenta con una gran variedad de apartamentos temporarios, completamente equipados y ubicados en los mejores barrios de la ciudad.\" \/>\n<meta property=\"og:url\" content=\"https:\/\/bausba.com\/es\/acerca-de-nosotros\/\" \/>\n<meta property=\"og:site_name\" content=\"Baus\" \/>\n<meta property=\"article:publisher\" content=\"https:\/\/www.facebook.com\/BeOurGuestBA\" \/>\n<meta property=\"article:modified_time\" content=\"2019-04-01T22:34:54+00:00\" \/>\n<meta property=\"og:image\" content=\"https:\/\/media.giphy.com\/media\/l0Iy7RVQowIrbr4uQ\/giphy.gif\" \/>\n<meta name=\"twitter:card\" content=\"summary_large_image\" \/>\n<meta name=\"twitter:site\" content=\"@beourguest_ba\" \/>\n<meta name=\"twitter:label1\" content=\"Tiempo de lectura\" \/>\n\t<meta name=\"twitter:data1\" content=\"1 minuto\" \/>\n<script type=\"application\/ld+json\" class=\"yoast-schema-graph\">{\"@context\":\"https:\\\/\\\/schema.org\",\"@graph\":[{\"@type\":\"WebPage\",\"@id\":\"https:\\\/\\\/bausba.com\\\/acerca-de-nosotros\\\/\",\"url\":\"https:\\\/\\\/bausba.com\\\/acerca-de-nosotros\\\/\",\"name\":\"Acerca de Nosotros: BOGBA - Departamentos temporarios\",\"isPartOf\":{\"@id\":\"https:\\\/\\\/bausba.com\\\/#website\"},\"primaryImageOfPage\":{\"@id\":\"https:\\\/\\\/bausba.com\\\/acerca-de-nosotros\\\/#primaryimage\"},\"image\":{\"@id\":\"https:\\\/\\\/bausba.com\\\/acerca-de-nosotros\\\/#primaryimage\"},\"thumbnailUrl\":\"https:\\\/\\\/media.giphy.com\\\/media\\\/l0Iy7RVQowIrbr4uQ\\\/giphy.gif\",\"datePublished\":\"2019-04-01T22:15:16+00:00\",\"dateModified\":\"2019-04-01T22:34:54+00:00\",\"description\":\"Acerca de Nosotros: BOGBA Buenos Aires cuenta con una gran variedad de apartamentos temporarios, completamente equipados y ubicados en los mejores barrios de la ciudad.\",\"breadcrumb\":{\"@id\":\"https:\\\/\\\/bausba.com\\\/acerca-de-nosotros\\\/#breadcrumb\"},\"inLanguage\":\"es-AR\",\"potentialAction\":[{\"@type\":\"ReadAction\",\"target\":[\"https:\\\/\\\/bausba.com\\\/acerca-de-nosotros\\\/\"]}]},{\"@type\":\"ImageObject\",\"inLanguage\":\"es-AR\",\"@id\":\"https:\\\/\\\/bausba.com\\\/acerca-de-nosotros\\\/#primaryimage\",\"url\":\"https:\\\/\\\/media.giphy.com\\\/media\\\/l0Iy7RVQowIrbr4uQ\\\/giphy.gif\",\"contentUrl\":\"https:\\\/\\\/media.giphy.com\\\/media\\\/l0Iy7RVQowIrbr4uQ\\\/giphy.gif\"},{\"@type\":\"BreadcrumbList\",\"@id\":\"https:\\\/\\\/bausba.com\\\/acerca-de-nosotros\\\/#breadcrumb\",\"itemListElement\":[{\"@type\":\"ListItem\",\"position\":1,\"name\":\"Home\",\"item\":\"https:\\\/\\\/bausba.com\\\/\"},{\"@type\":\"ListItem\",\"position\":2,\"name\":\"Acerca de Nosotros\"}]},{\"@type\":\"WebSite\",\"@id\":\"https:\\\/\\\/bausba.com\\\/#website\",\"url\":\"https:\\\/\\\/bausba.com\\\/\",\"name\":\"Baus\",\"description\":\"Your home away from home &lt;3 Furnished apartment and corporate temporary rentals\",\"publisher\":{\"@id\":\"https:\\\/\\\/bausba.com\\\/#organization\"},\"potentialAction\":[{\"@type\":\"SearchAction\",\"target\":{\"@type\":\"EntryPoint\",\"urlTemplate\":\"https:\\\/\\\/bausba.com\\\/?s={search_term_string}\"},\"query-input\":{\"@type\":\"PropertyValueSpecification\",\"valueRequired\":true,\"valueName\":\"search_term_string\"}}],\"inLanguage\":\"es-AR\"},{\"@type\":\"Organization\",\"@id\":\"https:\\\/\\\/bausba.com\\\/#organization\",\"name\":\"BOGBA\",\"url\":\"https:\\\/\\\/bausba.com\\\/\",\"logo\":{\"@type\":\"ImageObject\",\"inLanguage\":\"es-AR\",\"@id\":\"https:\\\/\\\/bausba.com\\\/#\\\/schema\\\/logo\\\/image\\\/\",\"url\":\"https:\\\/\\\/www.bogba.com\\\/wp-content\\\/uploads\\\/2017\\\/04\\\/BOGBA-2017.png\",\"contentUrl\":\"https:\\\/\\\/www.bogba.com\\\/wp-content\\\/uploads\\\/2017\\\/04\\\/BOGBA-2017.png\",\"width\":588,\"height\":588,\"caption\":\"BOGBA\"},\"image\":{\"@id\":\"https:\\\/\\\/bausba.com\\\/#\\\/schema\\\/logo\\\/image\\\/\"},\"sameAs\":[\"https:\\\/\\\/www.facebook.com\\\/BeOurGuestBA\",\"https:\\\/\\\/x.com\\\/beourguest_ba\",\"https:\\\/\\\/www.instagram.com\\\/beourguest.ba\\\/\",\"https:\\\/\\\/www.linkedin.com\\\/organization\\\/24770421\"]}]}<\/script>\n<!-- \/ Yoast SEO plugin. -->","yoast_head_json":{"title":"Acerca de Nosotros: BOGBA - Departamentos temporarios","description":"Acerca de Nosotros: BOGBA Buenos Aires cuenta con una gran variedad de apartamentos temporarios, completamente equipados y ubicados en los mejores barrios de la ciudad.","robots":{"index":"index","follow":"follow","max-snippet":"max-snippet:-1","max-image-preview":"max-image-preview:large","max-video-preview":"max-video-preview:-1"},"canonical":"https:\/\/bausba.com\/es\/acerca-de-nosotros\/","og_locale":"es_ES","og_type":"article","og_title":"Acerca de Nosotros: BOGBA - Departamentos temporarios","og_description":"Acerca de Nosotros: BOGBA Buenos Aires cuenta con una gran variedad de apartamentos temporarios, completamente equipados y ubicados en los mejores barrios de la ciudad.","og_url":"https:\/\/bausba.com\/es\/acerca-de-nosotros\/","og_site_name":"Baus","article_publisher":"https:\/\/www.facebook.com\/BeOurGuestBA","article_modified_time":"2019-04-01T22:34:54+00:00","og_image":[{"url":"https:\/\/media.giphy.com\/media\/l0Iy7RVQowIrbr4uQ\/giphy.gif","type":"","width":"","height":""}],"twitter_card":"summary_large_image","twitter_site":"@beourguest_ba","twitter_misc":{"Tiempo de lectura":"1 minuto"},"schema":{"@context":"https:\/\/schema.org","@graph":[{"@type":"WebPage","@id":"https:\/\/bausba.com\/acerca-de-nosotros\/","url":"https:\/\/bausba.com\/acerca-de-nosotros\/","name":"Acerca de Nosotros: BOGBA - Departamentos temporarios","isPartOf":{"@id":"https:\/\/bausba.com\/#website"},"primaryImageOfPage":{"@id":"https:\/\/bausba.com\/acerca-de-nosotros\/#primaryimage"},"image":{"@id":"https:\/\/bausba.com\/acerca-de-nosotros\/#primaryimage"},"thumbnailUrl":"https:\/\/media.giphy.com\/media\/l0Iy7RVQowIrbr4uQ\/giphy.gif","datePublished":"2019-04-01T22:15:16+00:00","dateModified":"2019-04-01T22:34:54+00:00","description":"Acerca de Nosotros: BOGBA Buenos Aires cuenta con una gran variedad de apartamentos temporarios, completamente equipados y ubicados en los mejores barrios de la ciudad.","breadcrumb":{"@id":"https:\/\/bausba.com\/acerca-de-nosotros\/#breadcrumb"},"inLanguage":"es-AR","potentialAction":[{"@type":"ReadAction","target":["https:\/\/bausba.com\/acerca-de-nosotros\/"]}]},{"@type":"ImageObject","inLanguage":"es-AR","@id":"https:\/\/bausba.com\/acerca-de-nosotros\/#primaryimage","url":"https:\/\/media.giphy.com\/media\/l0Iy7RVQowIrbr4uQ\/giphy.gif","contentUrl":"https:\/\/media.giphy.com\/media\/l0Iy7RVQowIrbr4uQ\/giphy.gif"},{"@type":"BreadcrumbList","@id":"https:\/\/bausba.com\/acerca-de-nosotros\/#breadcrumb","itemListElement":[{"@type":"ListItem","position":1,"name":"Home","item":"https:\/\/bausba.com\/"},{"@type":"ListItem","position":2,"name":"Acerca de Nosotros"}]},{"@type":"WebSite","@id":"https:\/\/bausba.com\/#website","url":"https:\/\/bausba.com\/","name":"Baus","description":"Your home away from home &lt;3 Furnished apartment and corporate temporary rentals","publisher":{"@id":"https:\/\/bausba.com\/#organization"},"potentialAction":[{"@type":"SearchAction","target":{"@type":"EntryPoint","urlTemplate":"https:\/\/bausba.com\/?s={search_term_string}"},"query-input":{"@type":"PropertyValueSpecification","valueRequired":true,"valueName":"search_term_string"}}],"inLanguage":"es-AR"},{"@type":"Organization","@id":"https:\/\/bausba.com\/#organization","name":"BOGBA","url":"https:\/\/bausba.com\/","logo":{"@type":"ImageObject","inLanguage":"es-AR","@id":"https:\/\/bausba.com\/#\/schema\/logo\/image\/","url":"https:\/\/www.bogba.com\/wp-content\/uploads\/2017\/04\/BOGBA-2017.png","contentUrl":"https:\/\/www.bogba.com\/wp-content\/uploads\/2017\/04\/BOGBA-2017.png","width":588,"height":588,"caption":"BOGBA"},"image":{"@id":"https:\/\/bausba.com\/#\/schema\/logo\/image\/"},"sameAs":["https:\/\/www.facebook.com\/BeOurGuestBA","https:\/\/x.com\/beourguest_ba","https:\/\/www.instagram.com\/beourguest.ba\/","https:\/\/www.linkedin.com\/organization\/24770421"]}]}},"_links":{"self":[{"href":"https:\/\/bausba.com\/es\/wp-json\/wp\/v2\/pages\/2622","targetHints":{"allow":["GET"]}}],"collection":[{"href":"https:\/\/bausba.com\/es\/wp-json\/wp\/v2\/pages"}],"about":[{"href":"https:\/\/bausba.com\/es\/wp-json\/wp\/v2\/types\/page"}],"author":[{"embeddable":true,"href":"https:\/\/bausba.com\/es\/wp-json\/wp\/v2\/users\/1"}],"replies":[{"embeddable":true,"href":"https:\/\/bausba.com\/es\/wp-json\/wp\/v2\/comments?post=2622"}],"version-history":[{"count":1,"href":"https:\/\/bausba.com\/es\/wp-json\/wp\/v2\/pages\/2622\/revisions"}],"predecessor-version":[{"id":2624,"href":"https:\/\/bausba.com\/es\/wp-json\/wp\/v2\/pages\/2622\/revisions\/2624"}],"wp:attachment":[{"href":"https:\/\/bausba.com\/es\/wp-json\/wp\/v2\/media?parent=2622"}],"curies":[{"name":"wp","href":"https:\/\/api.w.org\/{rel}","templated":true}]}}