{"id":2539,"date":"2019-03-26T01:12:15","date_gmt":"2019-03-26T01:12:15","guid":{"rendered":"https:\/\/www.bogba.com\/?page_id=2539"},"modified":"2026-05-05T14:49:08","modified_gmt":"2026-05-05T14:49:08","slug":"servicio-de-administracion-de-propiedades-para-alquileres-temporarios-en-buenos-aires","status":"publish","type":"page","link":"https:\/\/bausba.com\/es\/servicio-de-administracion-de-propiedades-para-alquileres-temporarios-en-buenos-aires\/","title":{"rendered":"Servicio de Administraci\u00f3n de Propiedades para Alquileres Temporarios"},"content":{"rendered":"<div data-elementor-type=\"wp-post\" data-elementor-id=\"2539\" class=\"elementor elementor-2539\">\n\t\t\t\t\t\t<section class=\"elementor-section elementor-top-section elementor-element elementor-element-20edf63c elementor-section-boxed elementor-section-height-default elementor-section-height-default\" data-id=\"20edf63c\" data-element_type=\"section\" data-e-type=\"section\">\n\t\t\t\t\t\t<div class=\"elementor-container elementor-column-gap-default\">\n\t\t\t\t\t<div class=\"elementor-column elementor-col-100 elementor-top-column elementor-element elementor-element-50dad543\" data-id=\"50dad543\" data-element_type=\"column\" data-e-type=\"column\">\n\t\t\t<div class=\"elementor-widget-wrap elementor-element-populated\">\n\t\t\t\t\t\t<div class=\"elementor-element elementor-element-292cebb0 elementor-widget elementor-widget-text-editor\" data-id=\"292cebb0\" data-element_type=\"widget\" data-e-type=\"widget\" data-widget_type=\"text-editor.default\">\n\t\t\t\t<div class=\"elementor-widget-container\">\n\t\t\t\t\t\t\t\t\t<p><\/p>\n<h2><strong>SERVICIO DE ADMINISTRACI\u00d3N DE PROPIEDADES PARA <\/strong><\/h2>\n<h2><strong>ALQUILERES TEMPORARIOS<\/strong><\/h2>\n<p>NUESTROS SERVICIOS<\/p>\n<p>Ofrecemos un servicio profesional y personalizado para cada departamento, buscando destacar cada lugar y cada rinc\u00f3n, creando espacios \u00fanicos para ser vividos por nuestros hu\u00e9spedes de todo el mundo.<\/p>\n<p>El servicio integral de BAUS incluye la evaluaci\u00f3n completa del espacio, el edificio, el barrio y su entorno, el dise\u00f1o y equipamiento de todos los ambientes, la promoci\u00f3n y optimizaci\u00f3n de los anuncios y sus precios, y un contacto permanente con hu\u00e9spedes y propietarios que brinda una experiencia \u00fanica para todas nuestras reservas.\u00a0<\/p>\n<p>Como complemento, trabajamos con un servicio profesional de limpieza, y de lavado de ropa de de cama y toallas para ofrecer est\u00e1ndares de hotel en todos nuestros espacios.<\/p>\n<p>Reporte de ingresos<\/p>\n<p><img decoding=\"async\" title=\"services_key_exchange\" src=\"https:\/\/www.bogba.com\/wp-content\/uploads\/2019\/04\/services_key_exchange.png\" alt=\"services_key_exchange\" width=\"110\" height=\"110\" \/><\/p>\n<p>Check IN\/OUT<\/p>\n<p><img decoding=\"async\" title=\"services_listing_optimization\" src=\"https:\/\/www.bogba.com\/wp-content\/uploads\/2019\/04\/services_listing_optimization.png\" alt=\"services_listing_optimization\" width=\"110\" height=\"110\" \/><\/p>\n<p>Optimizaci\u00f3n de Listados<\/p>\n<p><img decoding=\"async\" title=\"services_dynamic_pricing\" src=\"https:\/\/www.bogba.com\/wp-content\/uploads\/2019\/04\/services_dynamic_pricing.png\" alt=\"services_dynamic_pricing\" width=\"110\" height=\"110\" \/><\/p>\n<p>Precios Din\u00e1micos<\/p>\n<p><img loading=\"lazy\" decoding=\"async\" title=\"services_cleaning_services\" src=\"https:\/\/www.bogba.com\/wp-content\/uploads\/2019\/04\/services_cleaning_services-1.png\" alt=\"services_cleaning_services\" width=\"110\" height=\"110\" \/><\/p>\n<p>Servicio de Limpieza y blanquer\u00eda<\/p>\n<p><img loading=\"lazy\" decoding=\"async\" title=\"CLIENTES OK\" src=\"https:\/\/www.bogba.com\/wp-content\/uploads\/2019\/04\/CLIENTES-OK.png\" alt=\"CLIENTES OK\" width=\"110\" height=\"110\" \/><\/p>\n<p>Soporte a Hu\u00e9spedes<\/p>\n<p><img loading=\"lazy\" decoding=\"async\" title=\"services_bed_towel\" src=\"https:\/\/www.bogba.com\/wp-content\/uploads\/2019\/04\/services_bed_towel.png\" alt=\"services_bed_towel\" width=\"110\" height=\"110\" \/><\/p>\n<p>Fotos de espacios profesional<\/p>\n<p><\/p>\t\t\t\t\t\t\t\t<\/div>\n\t\t\t\t<\/div>\n\t\t\t\t\t<\/div>\n\t\t<\/div>\n\t\t\t\t\t<\/div>\n\t\t<\/section>\n\t\t\t\t<\/div>","protected":false},"excerpt":{"rendered":"<p>SERVICIO DE ADMINISTRACI\u00d3N DE PROPIEDADES PARA ALQUILERES TEMPORARIOS NUESTROS SERVICIOS Ofrecemos un servicio profesional y personalizado para cada departamento, buscando destacar cada lugar y cada rinc\u00f3n, creando espacios \u00fanicos para ser vividos por nuestros hu\u00e9spedes de todo el mundo. El servicio integral de BAUS incluye la evaluaci\u00f3n completa del espacio, el edificio, el barrio y [&hellip;]<\/p>\n","protected":false},"author":1,"featured_media":0,"parent":0,"menu_order":0,"comment_status":"closed","ping_status":"closed","template":"","meta":{"site-sidebar-layout":"default","site-content-layout":"","ast-site-content-layout":"default","site-content-style":"default","site-sidebar-style":"default","ast-global-header-display":"","ast-banner-title-visibility":"","ast-main-header-display":"","ast-hfb-above-header-display":"","ast-hfb-below-header-display":"","ast-hfb-mobile-header-display":"","site-post-title":"","ast-breadcrumbs-content":"","ast-featured-img":"","footer-sml-layout":"","ast-disable-related-posts":"","theme-transparent-header-meta":"","adv-header-id-meta":"","stick-header-meta":"","header-above-stick-meta":"","header-main-stick-meta":"","header-below-stick-meta":"","astra-migrate-meta-layouts":"default","ast-page-background-enabled":"default","ast-page-background-meta":{"desktop":{"background-color":"var(--ast-global-color-4)","background-image":"","background-repeat":"repeat","background-position":"center center","background-size":"auto","background-attachment":"scroll","background-type":"","background-media":"","overlay-type":"","overlay-color":"","overlay-opacity":"","overlay-gradient":""},"tablet":{"background-color":"","background-image":"","background-repeat":"repeat","background-position":"center center","background-size":"auto","background-attachment":"scroll","background-type":"","background-media":"","overlay-type":"","overlay-color":"","overlay-opacity":"","overlay-gradient":""},"mobile":{"background-color":"","background-image":"","background-repeat":"repeat","background-position":"center center","background-size":"auto","background-attachment":"scroll","background-type":"","background-media":"","overlay-type":"","overlay-color":"","overlay-opacity":"","overlay-gradient":""}},"ast-content-background-meta":{"desktop":{"background-color":"var(--ast-global-color-5)","background-image":"","background-repeat":"repeat","background-position":"center center","background-size":"auto","background-attachment":"scroll","background-type":"","background-media":"","overlay-type":"","overlay-color":"","overlay-opacity":"","overlay-gradient":""},"tablet":{"background-color":"var(--ast-global-color-5)","background-image":"","background-repeat":"repeat","background-position":"center center","background-size":"auto","background-attachment":"scroll","background-type":"","background-media":"","overlay-type":"","overlay-color":"","overlay-opacity":"","overlay-gradient":""},"mobile":{"background-color":"var(--ast-global-color-5)","background-image":"","background-repeat":"repeat","background-position":"center center","background-size":"auto","background-attachment":"scroll","background-type":"","background-media":"","overlay-type":"","overlay-color":"","overlay-opacity":"","overlay-gradient":""}},"_joinchat":[],"footnotes":""},"class_list":["post-2539","page","type-page","status-publish","hentry"],"yoast_head":"<!-- This site is optimized with the Yoast SEO plugin v27.5 - https:\/\/yoast.com\/product\/yoast-seo-wordpress\/ -->\n<title>BOGBA Servicio de administraci\u00f3n de alquileres temporarios<\/title>\n<meta name=\"description\" content=\"BOGBA Servicio de administraci\u00f3n de propiedades para alquileres temporarios y corporativos en la Ciudad de Buenos Aires y alrededores.\" \/>\n<meta name=\"robots\" content=\"index, follow, max-snippet:-1, max-image-preview:large, max-video-preview:-1\" \/>\n<link rel=\"canonical\" href=\"https:\/\/bausba.com\/es\/servicio-de-administracion-de-propiedades-para-alquileres-temporarios-en-buenos-aires\/\" \/>\n<meta property=\"og:locale\" content=\"es_ES\" \/>\n<meta property=\"og:type\" content=\"article\" \/>\n<meta property=\"og:title\" content=\"BOGBA Servicio de administraci\u00f3n de alquileres temporarios\" \/>\n<meta property=\"og:description\" content=\"BOGBA Servicio de administraci\u00f3n de propiedades para alquileres temporarios y corporativos en la Ciudad de Buenos Aires y alrededores.\" \/>\n<meta property=\"og:url\" content=\"https:\/\/bausba.com\/es\/servicio-de-administracion-de-propiedades-para-alquileres-temporarios-en-buenos-aires\/\" \/>\n<meta property=\"og:site_name\" content=\"Baus\" \/>\n<meta property=\"article:publisher\" content=\"https:\/\/www.facebook.com\/BeOurGuestBA\" \/>\n<meta property=\"article:modified_time\" content=\"2026-05-05T14:49:08+00:00\" \/>\n<meta property=\"og:image\" content=\"https:\/\/www.bogba.com\/wp-content\/uploads\/2019\/04\/services_key_exchange.png\" \/>\n<meta name=\"twitter:card\" content=\"summary_large_image\" \/>\n<meta name=\"twitter:site\" content=\"@beourguest_ba\" \/>\n<meta name=\"twitter:label1\" content=\"Tiempo de lectura\" \/>\n\t<meta name=\"twitter:data1\" content=\"2 minutos\" \/>\n<script type=\"application\/ld+json\" class=\"yoast-schema-graph\">{\"@context\":\"https:\\\/\\\/schema.org\",\"@graph\":[{\"@type\":\"WebPage\",\"@id\":\"https:\\\/\\\/bausba.com\\\/servicio-de-administracion-de-propiedades-para-alquileres-temporarios-en-buenos-aires\\\/\",\"url\":\"https:\\\/\\\/bausba.com\\\/servicio-de-administracion-de-propiedades-para-alquileres-temporarios-en-buenos-aires\\\/\",\"name\":\"BOGBA Servicio de administraci\u00f3n de alquileres temporarios\",\"isPartOf\":{\"@id\":\"https:\\\/\\\/bausba.com\\\/#website\"},\"primaryImageOfPage\":{\"@id\":\"https:\\\/\\\/bausba.com\\\/servicio-de-administracion-de-propiedades-para-alquileres-temporarios-en-buenos-aires\\\/#primaryimage\"},\"image\":{\"@id\":\"https:\\\/\\\/bausba.com\\\/servicio-de-administracion-de-propiedades-para-alquileres-temporarios-en-buenos-aires\\\/#primaryimage\"},\"thumbnailUrl\":\"https:\\\/\\\/www.bogba.com\\\/wp-content\\\/uploads\\\/2019\\\/04\\\/services_key_exchange.png\",\"datePublished\":\"2019-03-26T01:12:15+00:00\",\"dateModified\":\"2026-05-05T14:49:08+00:00\",\"description\":\"BOGBA Servicio de administraci\u00f3n de propiedades para alquileres temporarios y corporativos en la Ciudad de Buenos Aires y alrededores.\",\"breadcrumb\":{\"@id\":\"https:\\\/\\\/bausba.com\\\/servicio-de-administracion-de-propiedades-para-alquileres-temporarios-en-buenos-aires\\\/#breadcrumb\"},\"inLanguage\":\"es-AR\",\"potentialAction\":[{\"@type\":\"ReadAction\",\"target\":[\"https:\\\/\\\/bausba.com\\\/servicio-de-administracion-de-propiedades-para-alquileres-temporarios-en-buenos-aires\\\/\"]}]},{\"@type\":\"ImageObject\",\"inLanguage\":\"es-AR\",\"@id\":\"https:\\\/\\\/bausba.com\\\/servicio-de-administracion-de-propiedades-para-alquileres-temporarios-en-buenos-aires\\\/#primaryimage\",\"url\":\"https:\\\/\\\/www.bogba.com\\\/wp-content\\\/uploads\\\/2019\\\/04\\\/services_key_exchange.png\",\"contentUrl\":\"https:\\\/\\\/www.bogba.com\\\/wp-content\\\/uploads\\\/2019\\\/04\\\/services_key_exchange.png\"},{\"@type\":\"BreadcrumbList\",\"@id\":\"https:\\\/\\\/bausba.com\\\/servicio-de-administracion-de-propiedades-para-alquileres-temporarios-en-buenos-aires\\\/#breadcrumb\",\"itemListElement\":[{\"@type\":\"ListItem\",\"position\":1,\"name\":\"Home\",\"item\":\"https:\\\/\\\/bausba.com\\\/\"},{\"@type\":\"ListItem\",\"position\":2,\"name\":\"Servicio de Administraci\u00f3n de Propiedades para Alquileres Temporarios\"}]},{\"@type\":\"WebSite\",\"@id\":\"https:\\\/\\\/bausba.com\\\/#website\",\"url\":\"https:\\\/\\\/bausba.com\\\/\",\"name\":\"Baus\",\"description\":\"Your home away from home &lt;3 Furnished apartment and corporate temporary rentals\",\"publisher\":{\"@id\":\"https:\\\/\\\/bausba.com\\\/#organization\"},\"potentialAction\":[{\"@type\":\"SearchAction\",\"target\":{\"@type\":\"EntryPoint\",\"urlTemplate\":\"https:\\\/\\\/bausba.com\\\/?s={search_term_string}\"},\"query-input\":{\"@type\":\"PropertyValueSpecification\",\"valueRequired\":true,\"valueName\":\"search_term_string\"}}],\"inLanguage\":\"es-AR\"},{\"@type\":\"Organization\",\"@id\":\"https:\\\/\\\/bausba.com\\\/#organization\",\"name\":\"BOGBA\",\"url\":\"https:\\\/\\\/bausba.com\\\/\",\"logo\":{\"@type\":\"ImageObject\",\"inLanguage\":\"es-AR\",\"@id\":\"https:\\\/\\\/bausba.com\\\/#\\\/schema\\\/logo\\\/image\\\/\",\"url\":\"https:\\\/\\\/www.bogba.com\\\/wp-content\\\/uploads\\\/2017\\\/04\\\/BOGBA-2017.png\",\"contentUrl\":\"https:\\\/\\\/www.bogba.com\\\/wp-content\\\/uploads\\\/2017\\\/04\\\/BOGBA-2017.png\",\"width\":588,\"height\":588,\"caption\":\"BOGBA\"},\"image\":{\"@id\":\"https:\\\/\\\/bausba.com\\\/#\\\/schema\\\/logo\\\/image\\\/\"},\"sameAs\":[\"https:\\\/\\\/www.facebook.com\\\/BeOurGuestBA\",\"https:\\\/\\\/x.com\\\/beourguest_ba\",\"https:\\\/\\\/www.instagram.com\\\/beourguest.ba\\\/\",\"https:\\\/\\\/www.linkedin.com\\\/organization\\\/24770421\"]}]}<\/script>\n<!-- \/ Yoast SEO plugin. -->","yoast_head_json":{"title":"BOGBA Servicio de administraci\u00f3n de alquileres temporarios","description":"BOGBA Servicio de administraci\u00f3n de propiedades para alquileres temporarios y corporativos en la Ciudad de Buenos Aires y alrededores.","robots":{"index":"index","follow":"follow","max-snippet":"max-snippet:-1","max-image-preview":"max-image-preview:large","max-video-preview":"max-video-preview:-1"},"canonical":"https:\/\/bausba.com\/es\/servicio-de-administracion-de-propiedades-para-alquileres-temporarios-en-buenos-aires\/","og_locale":"es_ES","og_type":"article","og_title":"BOGBA Servicio de administraci\u00f3n de alquileres temporarios","og_description":"BOGBA Servicio de administraci\u00f3n de propiedades para alquileres temporarios y corporativos en la Ciudad de Buenos Aires y alrededores.","og_url":"https:\/\/bausba.com\/es\/servicio-de-administracion-de-propiedades-para-alquileres-temporarios-en-buenos-aires\/","og_site_name":"Baus","article_publisher":"https:\/\/www.facebook.com\/BeOurGuestBA","article_modified_time":"2026-05-05T14:49:08+00:00","og_image":[{"url":"https:\/\/www.bogba.com\/wp-content\/uploads\/2019\/04\/services_key_exchange.png","type":"","width":"","height":""}],"twitter_card":"summary_large_image","twitter_site":"@beourguest_ba","twitter_misc":{"Tiempo de lectura":"2 minutos"},"schema":{"@context":"https:\/\/schema.org","@graph":[{"@type":"WebPage","@id":"https:\/\/bausba.com\/servicio-de-administracion-de-propiedades-para-alquileres-temporarios-en-buenos-aires\/","url":"https:\/\/bausba.com\/servicio-de-administracion-de-propiedades-para-alquileres-temporarios-en-buenos-aires\/","name":"BOGBA Servicio de administraci\u00f3n de alquileres temporarios","isPartOf":{"@id":"https:\/\/bausba.com\/#website"},"primaryImageOfPage":{"@id":"https:\/\/bausba.com\/servicio-de-administracion-de-propiedades-para-alquileres-temporarios-en-buenos-aires\/#primaryimage"},"image":{"@id":"https:\/\/bausba.com\/servicio-de-administracion-de-propiedades-para-alquileres-temporarios-en-buenos-aires\/#primaryimage"},"thumbnailUrl":"https:\/\/www.bogba.com\/wp-content\/uploads\/2019\/04\/services_key_exchange.png","datePublished":"2019-03-26T01:12:15+00:00","dateModified":"2026-05-05T14:49:08+00:00","description":"BOGBA Servicio de administraci\u00f3n de propiedades para alquileres temporarios y corporativos en la Ciudad de Buenos Aires y alrededores.","breadcrumb":{"@id":"https:\/\/bausba.com\/servicio-de-administracion-de-propiedades-para-alquileres-temporarios-en-buenos-aires\/#breadcrumb"},"inLanguage":"es-AR","potentialAction":[{"@type":"ReadAction","target":["https:\/\/bausba.com\/servicio-de-administracion-de-propiedades-para-alquileres-temporarios-en-buenos-aires\/"]}]},{"@type":"ImageObject","inLanguage":"es-AR","@id":"https:\/\/bausba.com\/servicio-de-administracion-de-propiedades-para-alquileres-temporarios-en-buenos-aires\/#primaryimage","url":"https:\/\/www.bogba.com\/wp-content\/uploads\/2019\/04\/services_key_exchange.png","contentUrl":"https:\/\/www.bogba.com\/wp-content\/uploads\/2019\/04\/services_key_exchange.png"},{"@type":"BreadcrumbList","@id":"https:\/\/bausba.com\/servicio-de-administracion-de-propiedades-para-alquileres-temporarios-en-buenos-aires\/#breadcrumb","itemListElement":[{"@type":"ListItem","position":1,"name":"Home","item":"https:\/\/bausba.com\/"},{"@type":"ListItem","position":2,"name":"Servicio de Administraci\u00f3n de Propiedades para Alquileres Temporarios"}]},{"@type":"WebSite","@id":"https:\/\/bausba.com\/#website","url":"https:\/\/bausba.com\/","name":"Baus","description":"Your home away from home &lt;3 Furnished apartment and corporate temporary rentals","publisher":{"@id":"https:\/\/bausba.com\/#organization"},"potentialAction":[{"@type":"SearchAction","target":{"@type":"EntryPoint","urlTemplate":"https:\/\/bausba.com\/?s={search_term_string}"},"query-input":{"@type":"PropertyValueSpecification","valueRequired":true,"valueName":"search_term_string"}}],"inLanguage":"es-AR"},{"@type":"Organization","@id":"https:\/\/bausba.com\/#organization","name":"BOGBA","url":"https:\/\/bausba.com\/","logo":{"@type":"ImageObject","inLanguage":"es-AR","@id":"https:\/\/bausba.com\/#\/schema\/logo\/image\/","url":"https:\/\/www.bogba.com\/wp-content\/uploads\/2017\/04\/BOGBA-2017.png","contentUrl":"https:\/\/www.bogba.com\/wp-content\/uploads\/2017\/04\/BOGBA-2017.png","width":588,"height":588,"caption":"BOGBA"},"image":{"@id":"https:\/\/bausba.com\/#\/schema\/logo\/image\/"},"sameAs":["https:\/\/www.facebook.com\/BeOurGuestBA","https:\/\/x.com\/beourguest_ba","https:\/\/www.instagram.com\/beourguest.ba\/","https:\/\/www.linkedin.com\/organization\/24770421"]}]}},"_links":{"self":[{"href":"https:\/\/bausba.com\/es\/wp-json\/wp\/v2\/pages\/2539","targetHints":{"allow":["GET"]}}],"collection":[{"href":"https:\/\/bausba.com\/es\/wp-json\/wp\/v2\/pages"}],"about":[{"href":"https:\/\/bausba.com\/es\/wp-json\/wp\/v2\/types\/page"}],"author":[{"embeddable":true,"href":"https:\/\/bausba.com\/es\/wp-json\/wp\/v2\/users\/1"}],"replies":[{"embeddable":true,"href":"https:\/\/bausba.com\/es\/wp-json\/wp\/v2\/comments?post=2539"}],"version-history":[{"count":1,"href":"https:\/\/bausba.com\/es\/wp-json\/wp\/v2\/pages\/2539\/revisions"}],"predecessor-version":[{"id":5272,"href":"https:\/\/bausba.com\/es\/wp-json\/wp\/v2\/pages\/2539\/revisions\/5272"}],"wp:attachment":[{"href":"https:\/\/bausba.com\/es\/wp-json\/wp\/v2\/media?parent=2539"}],"curies":[{"name":"wp","href":"https:\/\/api.w.org\/{rel}","templated":true}]}}